{"id":114,"date":"2016-03-31T10:09:15","date_gmt":"2016-03-31T08:09:15","guid":{"rendered":"http:\/\/dpsbielaje.cluster023.hosting.ovh.net\/?page_id=114"},"modified":"2024-08-14T14:35:25","modified_gmt":"2024-08-14T12:35:25","slug":"uslugi-bytowe","status":"publish","type":"page","link":"https:\/\/dpsbielawa.pl\/index.php\/uslugi-bytowe\/","title":{"rendered":"Us\u0142ugi bytowe"},"content":{"rendered":"<div id=\"pl-114\"  class=\"panel-layout\" ><div id=\"pg-114-0\"  class=\"panel-grid panel-no-style\" ><div id=\"pgc-114-0-0\"  class=\"panel-grid-cell\" ><div id=\"panel-114-0-0-0\" class=\"so-panel widget widget_sow-editor panel-first-child\" data-index=\"0\" ><div\n\t\t\t\n\t\t\tclass=\"so-widget-sow-editor so-widget-sow-editor-base\"\n\t\t\t\n\t\t>\n<div class=\"siteorigin-widget-tinymce textwidget\">\n\t<p style=\"text-align: justify;\">Nasi podopieczni mieszkaj\u0105 w przytulnie urz\u0105dzonych jedno-, dwu- i trzyosobowych pokojach. Posiadamy r\u00f3wnie\u017c jeden pok\u00f3j czteroosobowy. W zale\u017cno\u015bci od potrzeb mieszka\u0144c\u00f3w i ich fizycznej sprawno\u015bci pokoje wyposa\u017cone s\u0105 w wygodne \u0142\u00f3\u017cka rehabilitacyjne lub tapczaniki, przy kt\u00f3rych umieszczono przyciski systemu przyzywowo-alarmowego.<br \/> Na ka\u017cdej kondygnacji usytuowane s\u0105, przystosowane do potrzeb os\u00f3b niepe\u0142nosprawnych, toalety i \u0142azienki wyposa\u017cone w natryski lub wanny.<\/p>\n<\/div>\n<\/div><\/div><div id=\"panel-114-0-0-1\" class=\"so-panel widget widget_media_image panel-last-child\" data-index=\"1\" ><img loading=\"lazy\" decoding=\"async\" width=\"300\" height=\"225\" src=\"https:\/\/dpsbielawa.pl\/wp-content\/uploads\/2024\/08\/4-3opiekunka-osob-starszych-konik-777x437-1-300x225.jpg\" class=\"image wp-image-6846  attachment-medium size-medium\" alt=\"\" style=\"max-width: 100%; height: auto;\" srcset=\"https:\/\/dpsbielawa.pl\/wp-content\/uploads\/2024\/08\/4-3opiekunka-osob-starszych-konik-777x437-1-300x225.jpg 300w, https:\/\/dpsbielawa.pl\/wp-content\/uploads\/2024\/08\/4-3opiekunka-osob-starszych-konik-777x437-1.jpg 583w\" sizes=\"auto, (max-width: 300px) 100vw, 300px\" \/><\/div><\/div><div id=\"pgc-114-0-1\"  class=\"panel-grid-cell\" ><div id=\"panel-114-0-1-0\" class=\"so-panel widget widget_media_image panel-first-child\" data-index=\"2\" ><img loading=\"lazy\" decoding=\"async\" width=\"300\" height=\"226\" src=\"https:\/\/dpsbielawa.pl\/wp-content\/uploads\/2024\/08\/4-32a-300x226.jpg\" class=\"image wp-image-6864  attachment-medium size-medium\" alt=\"\" style=\"max-width: 100%; height: auto;\" srcset=\"https:\/\/dpsbielawa.pl\/wp-content\/uploads\/2024\/08\/4-32a-300x226.jpg 300w, https:\/\/dpsbielawa.pl\/wp-content\/uploads\/2024\/08\/4-32a-1024x771.jpg 1024w, https:\/\/dpsbielawa.pl\/wp-content\/uploads\/2024\/08\/4-32a-768x578.jpg 768w, https:\/\/dpsbielawa.pl\/wp-content\/uploads\/2024\/08\/4-32a-600x452.jpg 600w, https:\/\/dpsbielawa.pl\/wp-content\/uploads\/2024\/08\/4-32a.jpg 1063w\" sizes=\"auto, (max-width: 300px) 100vw, 300px\" \/><\/div><div id=\"panel-114-0-1-1\" class=\"so-panel widget widget_sow-editor panel-last-child\" data-index=\"3\" ><div\n\t\t\t\n\t\t\tclass=\"so-widget-sow-editor so-widget-sow-editor-base\"\n\t\t\t\n\t\t>\n<div class=\"siteorigin-widget-tinymce textwidget\">\n\t<p style=\"text-align: justify;\">Do dyspozycji mieszka\u0144c\u00f3w przeznaczone s\u0105 nowocze\u015bnie wyposa\u017cone gabinety fizykoterapii oraz kinezyterapii, sale dziennego pobytu, gdzie odbywaj\u0105 si\u0119 zaj\u0119cia zw ramach terapii zaj\u0119ciowej, gabinety medycznej pomocy dora\u017anej i kaplice.<br \/>\nZapewniamy cztery posi\u0142ki dziennie,w tym dietetyczne, zgodnie ze wskazaniami lekarza, kt\u00f3re podawane s\u0105 w sto\u0142\u00f3wkach, a osoby wymagaj\u0105ce karmienia spo\u017cywaj\u0105 posi\u0142ki w swoich pokojach.<br \/>\nW miar\u0119 potrzeby zapewniamy mieszka\u0144com odzie\u017c, bielizn\u0119 osobist\u0105 i obuwia.<\/p>\n<\/div>\n<\/div><\/div><\/div><\/div><div id=\"pg-114-1\"  class=\"panel-grid panel-no-style\" ><div id=\"pgc-114-1-0\"  class=\"panel-grid-cell\" ><div id=\"panel-114-1-0-0\" class=\"so-panel widget widget_sow-editor panel-first-child panel-last-child\" data-index=\"4\" ><div\n\t\t\t\n\t\t\tclass=\"so-widget-sow-editor so-widget-sow-editor-base\"\n\t\t\t\n\t\t>\n<div class=\"siteorigin-widget-tinymce textwidget\">\n\t<p style=\"text-align: justify;\">Mieszka\u0144cy maj\u0105 mo\u017cliwo\u015b\u0107 indywidualnego korzystania z podr\u0119cznych kuchenek oraz pomieszcze\u0144 do prania i suszenia odzie\u017cy znajduj\u0105cych si\u0119 w ka\u017cdym budynku. Dysponujemy tak\u017ce dwoma pokojami go\u015bcinnymi.<\/p>\n<\/div>\n<\/div><\/div><\/div><\/div><div id=\"pg-114-2\"  class=\"panel-grid panel-no-style\" ><div id=\"pgc-114-2-0\"  class=\"panel-grid-cell panel-grid-cell-empty\" ><\/div><\/div><div id=\"pg-114-3\"  class=\"panel-grid panel-no-style\" ><div id=\"pgc-114-3-0\"  class=\"panel-grid-cell panel-grid-cell-empty panel-grid-cell-mobile-last\" ><\/div><div id=\"pgc-114-3-1\"  class=\"panel-grid-cell panel-grid-cell-empty\" ><\/div><\/div><\/div>","protected":false},"excerpt":{"rendered":"<p>Nasi podopieczni mieszkaj\u0105 w przytulnie urz\u0105dzonych jedno-, dwu- i trzyosobowych pokojach. Posiadamy r\u00f3wnie\u017c jeden pok\u00f3j czteroosobowy. W zale\u017cno\u015bci od potrzeb mieszka\u0144c\u00f3w i ich fizycznej sprawno\u015bci pokoje wyposa\u017cone s\u0105 w wygodne \u0142\u00f3\u017cka rehabilitacyjne lub tapczaniki, przy kt\u00f3rych umieszczono przyciski systemu przyzywowo-alarmowego. Na ka\u017cdej kondygnacji usytuowane s\u0105, przystosowane do potrzeb os\u00f3b niepe\u0142nosprawnych, toalety i \u0142azienki wyposa\u017cone w [&hellip;]<\/p>\n","protected":false},"author":1,"featured_media":0,"parent":0,"menu_order":0,"comment_status":"closed","ping_status":"closed","template":"","meta":{"two_page_speed":[],"footnotes":""},"class_list":["post-114","page","type-page","status-publish","hentry","post"],"_links":{"self":[{"href":"https:\/\/dpsbielawa.pl\/index.php\/wp-json\/wp\/v2\/pages\/114","targetHints":{"allow":["GET"]}}],"collection":[{"href":"https:\/\/dpsbielawa.pl\/index.php\/wp-json\/wp\/v2\/pages"}],"about":[{"href":"https:\/\/dpsbielawa.pl\/index.php\/wp-json\/wp\/v2\/types\/page"}],"author":[{"embeddable":true,"href":"https:\/\/dpsbielawa.pl\/index.php\/wp-json\/wp\/v2\/users\/1"}],"replies":[{"embeddable":true,"href":"https:\/\/dpsbielawa.pl\/index.php\/wp-json\/wp\/v2\/comments?post=114"}],"version-history":[{"count":13,"href":"https:\/\/dpsbielawa.pl\/index.php\/wp-json\/wp\/v2\/pages\/114\/revisions"}],"predecessor-version":[{"id":6865,"href":"https:\/\/dpsbielawa.pl\/index.php\/wp-json\/wp\/v2\/pages\/114\/revisions\/6865"}],"wp:attachment":[{"href":"https:\/\/dpsbielawa.pl\/index.php\/wp-json\/wp\/v2\/media?parent=114"}],"curies":[{"name":"wp","href":"https:\/\/api.w.org\/{rel}","templated":true}]}}