{"id":120,"date":"2016-03-31T10:09:50","date_gmt":"2016-03-31T08:09:50","guid":{"rendered":"http:\/\/dpsbielaje.cluster023.hosting.ovh.net\/?page_id=120"},"modified":"2021-04-29T14:01:07","modified_gmt":"2021-04-29T12:01:07","slug":"niezbedne-dokumenty","status":"publish","type":"page","link":"https:\/\/dpsbielawa.pl\/index.php\/niezbedne-dokumenty\/","title":{"rendered":"Niezb\u0119dne dokumenty"},"content":{"rendered":"<h4>Jakie dokumenty powinna posiada\u0107 osoba ubiegaj\u0105ca si\u0119 o skierowanie do DPS?<\/h4>\n<ol>\n<li style=\"list-style-type: none;\">\n<ol>\n<li>\u00a0<a href=\"https:\/\/dpsbielawa.pl\/wp-content\/uploads\/2016\/02\/przyk\u0142adowy-wniosek-skierowanie.doc\">wniosek <\/a>o skierowanie do domu pomocy spo\u0142ecznej,\u00a0\u00a0\u00a0\u00a0\u00a0\u00a0 <strong>zobacz<\/strong> <em>\u2192<\/em> <a href=\"https:\/\/dpsbielawa.pl\/wp-content\/uploads\/2016\/02\/przyk\u0142adowy-wniosek-skierowanie.doc\">przyk\u0142adowy wniosek<\/a><\/li>\n<li>decyzj\u0119 organu emerytalno-rentowego lub inn\u0105 informacj\u0119 o dochodach,<\/li>\n<li>dow\u00f3d osobisty lub inny dokument potwierdzaj\u0105cy to\u017csamo\u015b\u0107 wnioskodawcy (do wgl\u0105du),<\/li>\n<li>pisemn\u0105 zgod\u0119 osoby ubiegaj\u0105cej si\u0119 o skierowanie<br \/>\noraz pisemn\u0105 zgod\u0119 na ponoszenie op\u0142aty za pobyt w DPS,<\/li>\n<li>o\u015bwiadczenie o stanie maj\u0105tkowym,<\/li>\n<li>orzeczenie o niepe\u0142nosprawno\u015bci (je\u017celi posiada),<\/li>\n<li>za\u015bwiadczenie lekarskie o stanie zdrowia ze wskazaniem typu domu wraz z ca\u0142\u0105 dokumentacj\u0105 medyczn\u0105 (karty informacyjne z pobytu w szpitalu, wyniki bada\u0144, itp.),<\/li>\n<li>inne dokumenty wskazane przez pracownika socjalnego w trakcie przeprowadzania wywiadu \u015brodowiskowego.<\/li>\n<\/ol>\n<\/li>\n<\/ol>\n<p><img loading=\"lazy\" decoding=\"async\" class=\"size-thumbnail wp-image-1741 aligncenter\" src=\"http:\/\/dpsbielaje.cluster023.hosting.ovh.net\/wp-content\/uploads\/2016\/03\/1-150x150.jpg\" alt=\"\" width=\"150\" height=\"150\" srcset=\"https:\/\/dpsbielawa.pl\/wp-content\/uploads\/2016\/03\/1-150x150.jpg 150w, https:\/\/dpsbielawa.pl\/wp-content\/uploads\/2016\/03\/1-300x300.jpg 300w, https:\/\/dpsbielawa.pl\/wp-content\/uploads\/2016\/03\/1.jpg 340w\" sizes=\"auto, (max-width: 150px) 100vw, 150px\" \/><\/p>\n<p><a href=\"http:\/\/bip.pow.dzierzoniow.pl\/artykul\/476\/1249\/przetwarzanie-danych-osobowych\">KLAUZULA INFORMACYJNA O PRZETWARZANIU DANYCH OSOBOWYCH<\/a><\/p>\n","protected":false},"excerpt":{"rendered":"<p>Jakie dokumenty powinna posiada\u0107 osoba ubiegaj\u0105ca si\u0119 o skierowanie do DPS? \u00a0wniosek o skierowanie do domu pomocy spo\u0142ecznej,\u00a0\u00a0\u00a0\u00a0\u00a0\u00a0 zobacz \u2192 przyk\u0142adowy wniosek decyzj\u0119 organu emerytalno-rentowego lub inn\u0105 informacj\u0119 o dochodach, dow\u00f3d osobisty lub inny dokument potwierdzaj\u0105cy to\u017csamo\u015b\u0107 wnioskodawcy (do wgl\u0105du), pisemn\u0105 zgod\u0119 osoby ubiegaj\u0105cej si\u0119 o skierowanie oraz pisemn\u0105 zgod\u0119 na ponoszenie op\u0142aty za pobyt [&hellip;]<\/p>\n","protected":false},"author":1,"featured_media":0,"parent":0,"menu_order":0,"comment_status":"closed","ping_status":"closed","template":"","meta":{"two_page_speed":[],"footnotes":""},"class_list":["post-120","page","type-page","status-publish","hentry","post"],"_links":{"self":[{"href":"https:\/\/dpsbielawa.pl\/index.php\/wp-json\/wp\/v2\/pages\/120","targetHints":{"allow":["GET"]}}],"collection":[{"href":"https:\/\/dpsbielawa.pl\/index.php\/wp-json\/wp\/v2\/pages"}],"about":[{"href":"https:\/\/dpsbielawa.pl\/index.php\/wp-json\/wp\/v2\/types\/page"}],"author":[{"embeddable":true,"href":"https:\/\/dpsbielawa.pl\/index.php\/wp-json\/wp\/v2\/users\/1"}],"replies":[{"embeddable":true,"href":"https:\/\/dpsbielawa.pl\/index.php\/wp-json\/wp\/v2\/comments?post=120"}],"version-history":[{"count":24,"href":"https:\/\/dpsbielawa.pl\/index.php\/wp-json\/wp\/v2\/pages\/120\/revisions"}],"predecessor-version":[{"id":3806,"href":"https:\/\/dpsbielawa.pl\/index.php\/wp-json\/wp\/v2\/pages\/120\/revisions\/3806"}],"wp:attachment":[{"href":"https:\/\/dpsbielawa.pl\/index.php\/wp-json\/wp\/v2\/media?parent=120"}],"curies":[{"name":"wp","href":"https:\/\/api.w.org\/{rel}","templated":true}]}}