{"id":124,"date":"2016-03-31T10:10:12","date_gmt":"2016-03-31T08:10:12","guid":{"rendered":"http:\/\/dpsbielaje.cluster023.hosting.ovh.net\/?page_id=124"},"modified":"2022-11-28T11:56:11","modified_gmt":"2022-11-28T10:56:11","slug":"koszt-pobytu","status":"publish","type":"page","link":"https:\/\/dpsbielawa.pl\/index.php\/koszt-pobytu\/","title":{"rendered":"Koszt pobytu"},"content":{"rendered":"<p style=\"text-align: justify;\">Miesi\u0119czny koszt pobytu ustalany jest na podstawie ustawy o pomocy spo\u0142ecznej.\u00a0Odp\u0142atno\u015b\u0107 przysz\u0142ego mieszka\u0144ca DPS wynosi 70% jego dochodu (najcz\u0119\u015bciej emerytury lub renty).\u00a0Je\u017celi doch\u00f3d ubiegaj\u0105cej si\u0119 osoby nie jest wystarczaj\u0105cy do pokrycia op\u0142aty za pobyt w domu, w\u00f3wczas badana jest sytuacja finansowa cz\u0142onk\u00f3w jej najbli\u017cszej rodziny.<\/p>\n<p style=\"text-align: justify;\" align=\"JUSTIFY\">Na podstawie okre\u015blonych dokument\u00f3w finansowych cz\u0142onk\u00f3w rodziny oraz ustale\u0144 wynikaj\u0105cych z wywiadu \u015brodowiskowego prowadzonego przez pracownika socjalnego OPS, a tak\u017ce o\u015bwiadcze\u0144 z\u0142o\u017conych przez osoby stanowi\u0105ce strony w tej sprawie powstaje decyzja o odp\u0142atno\u015bci za pobyt w DPS.<\/p>\n<p style=\"text-align: justify;\">Ze wzgl\u0119du na niskie dochody w rodzinie mo\u017cn<span style=\"color: #333333;\">a\u00a0 <span style=\"text-decoration: underline;\">zwolni\u0107 z op\u0142at<\/span>\u00a0 <\/span>za pobyt w DPS cz\u0119\u015bciowo lub ca\u0142kowicie je\u015bli:<\/p>\n<ol>\n<li style=\"text-align: justify;\">wnosz\u0105 op\u0142aty za pobyt innych cz\u0142onk\u00f3w rodziny w DPS, O\u015brodku Wsparcia lub innej plac\u00f3wce,<\/li>\n<li style=\"text-align: justify;\">wyst\u0119puj\u0105 uzasadnione okoliczno\u015bci, zw\u0142aszcza d\u0142ugotrwa\u0142a choroba, bezrobocie, niepe\u0142nosprawno\u015b\u0107, \u015bmier\u0107 cz\u0142onka rodziny, straty materialne powsta\u0142e w wyniku kl\u0119ski \u017cywio\u0142owej lub innych zdarze\u0144 losowych,<\/li>\n<li style=\"text-align: justify;\">ma\u0142\u017conkowie, zst\u0119pni, wst\u0119pni utrzymuj\u0105cy si\u0119 z jednego \u015bwiadczenia lub wynagrodzenia,osoba obowi\u0105zana do wnoszenia op\u0142aty jest w ci\u0105\u017cy lub samotnie wychowuje dziecko.<\/li>\n<\/ol>\n<p style=\"text-align: justify;\"><strong>Je\u017celi osoba ubiegaj\u0105ca si\u0119 o przyj\u0119cie do DPS nie ma nikogo bliskiego lub dochody os\u00f3b zobowi\u0105zanych do ponoszenia odp\u0142atno\u015bci s\u0105 niskie, obowi\u0105zek op\u0142aty przechodzi na gmin\u0119, na terenie kt\u00f3rej mieszka osoba wymagaj\u0105ca opieki.<\/strong><\/p>\n<p style=\"text-align: justify;\"><span style=\"color: #0000ff;\"><a style=\"color: #0000ff;\" href=\"http:\/\/bip.pow.dzierzoniow.pl\/artykul\/440\/773\/aktualny-koszt-pobytu-dps\" target=\"_blank\" rel=\"noopener noreferrer\">Aktualny koszt pobytu<\/a><\/span><\/p>\n<p><img loading=\"lazy\" decoding=\"async\" class=\"size-thumbnail wp-image-1745 aligncenter\" src=\"https:\/\/dpsbielawa.pl\/wp-content\/uploads\/2016\/03\/coins-1857222__340-150x150.png\" alt=\"\" width=\"150\" height=\"150\" \/><\/p>\n","protected":false},"excerpt":{"rendered":"<p>Miesi\u0119czny koszt pobytu ustalany jest na podstawie ustawy o pomocy spo\u0142ecznej.\u00a0Odp\u0142atno\u015b\u0107 przysz\u0142ego mieszka\u0144ca DPS wynosi 70% jego dochodu (najcz\u0119\u015bciej emerytury lub renty).\u00a0Je\u017celi doch\u00f3d ubiegaj\u0105cej si\u0119 osoby nie jest wystarczaj\u0105cy do pokrycia op\u0142aty za pobyt w domu, w\u00f3wczas badana jest sytuacja finansowa cz\u0142onk\u00f3w jej najbli\u017cszej rodziny. Na podstawie okre\u015blonych dokument\u00f3w finansowych cz\u0142onk\u00f3w rodziny oraz ustale\u0144 wynikaj\u0105cych [&hellip;]<\/p>\n","protected":false},"author":1,"featured_media":0,"parent":0,"menu_order":0,"comment_status":"closed","ping_status":"closed","template":"","meta":{"two_page_speed":[],"footnotes":""},"class_list":["post-124","page","type-page","status-publish","hentry","post"],"_links":{"self":[{"href":"https:\/\/dpsbielawa.pl\/index.php\/wp-json\/wp\/v2\/pages\/124","targetHints":{"allow":["GET"]}}],"collection":[{"href":"https:\/\/dpsbielawa.pl\/index.php\/wp-json\/wp\/v2\/pages"}],"about":[{"href":"https:\/\/dpsbielawa.pl\/index.php\/wp-json\/wp\/v2\/types\/page"}],"author":[{"embeddable":true,"href":"https:\/\/dpsbielawa.pl\/index.php\/wp-json\/wp\/v2\/users\/1"}],"replies":[{"embeddable":true,"href":"https:\/\/dpsbielawa.pl\/index.php\/wp-json\/wp\/v2\/comments?post=124"}],"version-history":[{"count":26,"href":"https:\/\/dpsbielawa.pl\/index.php\/wp-json\/wp\/v2\/pages\/124\/revisions"}],"predecessor-version":[{"id":5377,"href":"https:\/\/dpsbielawa.pl\/index.php\/wp-json\/wp\/v2\/pages\/124\/revisions\/5377"}],"wp:attachment":[{"href":"https:\/\/dpsbielawa.pl\/index.php\/wp-json\/wp\/v2\/media?parent=124"}],"curies":[{"name":"wp","href":"https:\/\/api.w.org\/{rel}","templated":true}]}}