{"id":126,"date":"2016-03-31T10:10:26","date_gmt":"2016-03-31T08:10:26","guid":{"rendered":"http:\/\/dpsbielaje.cluster023.hosting.ovh.net\/?page_id=126"},"modified":"2023-07-06T09:07:20","modified_gmt":"2023-07-06T07:07:20","slug":"dane-kontaktowe","status":"publish","type":"page","link":"https:\/\/dpsbielawa.pl\/index.php\/dane-kontaktowe\/","title":{"rendered":"Dane kontaktowe"},"content":{"rendered":"<div id=\"pl-126\"  class=\"panel-layout\" ><div id=\"pg-126-0\"  class=\"panel-grid panel-no-style\" ><div id=\"pgc-126-0-0\"  class=\"panel-grid-cell\" ><div id=\"panel-126-0-0-0\" class=\"so-panel widget widget_rc_widget panel-first-child panel-last-child\" data-index=\"0\" ><h3 class=\"widget-title\">G\u0142\u00f3wna plac\u00f3wka<\/h3><ul class=\"vcard\" itemscope itemtype=\"http:\/\/schema.org\/GovernmentOrganization\"><li class=\"fn  org\" itemprop=\"name\"><strong>Dom Pomocy Spo\u0142ecznej w Bielawie<\/strong><\/li><li><div class=\"adr\" itemprop=\"address\" itemscope itemtype=\"http:\/\/schema.org\/PostalAddress\"><span class=\"street-address\" itemprop=\"streetAddress\">ul.\u017beromskiego 2, 58-260 Bielawa<\/span><br><\/div><\/li><li class=\"tel\" itemprop=\"telephone\">tel.\/fax 74 833-41-31 lub 74 833-55-99<\/li><li class=\"email\" itemprop=\"email\"><a href=\"mailto:&#100;&#112;s&#98;i&#101;&#108;a&#119;&#97;&#64;d&#112;s&#98;&#105;&#101;la&#119;a.&#112;l\">dpsbielawa@dpsbielawa.pl<\/a><\/li><\/ul><\/div><\/div><div id=\"pgc-126-0-1\"  class=\"panel-grid-cell\" ><div id=\"panel-126-0-1-0\" class=\"so-panel widget widget_rc_widget panel-first-child panel-last-child\" data-index=\"1\" ><h3 class=\"widget-title\">Filia<\/h3><ul class=\"vcard\" itemscope itemtype=\"http:\/\/schema.org\/GovernmentOrganization\"><li class=\"fn  org\" itemprop=\"name\"><strong>Filia DPS w Niemczy<\/strong><\/li><li><div class=\"adr\" itemprop=\"address\" itemscope itemtype=\"http:\/\/schema.org\/PostalAddress\"><span class=\"street-address\" itemprop=\"streetAddress\">ul.Kolejowa 14\/16<\/span><br><\/div><\/li><li class=\"tel\" itemprop=\"telephone\">tel.\/fax 74 837-61-28 lub 74 837-65-28<\/li><li class=\"email\" itemprop=\"email\"><a href=\"mailto:&#100;&#112;sbi&#101;&#108;&#97;&#119;a&#64;dp&#115;b&#105;el&#97;&#119;a.pl\">dpsbielawa@dpsbielawa.pl<\/a><\/li><\/ul><\/div><\/div><\/div><\/div>","protected":false},"excerpt":{"rendered":"<p>G\u0142\u00f3wna plac\u00f3wkaDom Pomocy Spo\u0142ecznej w Bielawieul.\u017beromskiego 2, 58-260 Bielawatel.\/fax 74 833-41-31 lub 74 833-55-99dpsbielawa@dpsbielawa.plFiliaFilia DPS w Niemczyul.Kolejowa 14\/16tel.\/fax 74 837-61-28 lub 74 837-65-28dpsbielawa@dpsbielawa.pl<\/p>\n","protected":false},"author":1,"featured_media":0,"parent":0,"menu_order":0,"comment_status":"closed","ping_status":"closed","template":"templates\/template-full-notitle.php","meta":{"two_page_speed":[],"footnotes":""},"class_list":["post-126","page","type-page","status-publish","hentry","post"],"_links":{"self":[{"href":"https:\/\/dpsbielawa.pl\/index.php\/wp-json\/wp\/v2\/pages\/126","targetHints":{"allow":["GET"]}}],"collection":[{"href":"https:\/\/dpsbielawa.pl\/index.php\/wp-json\/wp\/v2\/pages"}],"about":[{"href":"https:\/\/dpsbielawa.pl\/index.php\/wp-json\/wp\/v2\/types\/page"}],"author":[{"embeddable":true,"href":"https:\/\/dpsbielawa.pl\/index.php\/wp-json\/wp\/v2\/users\/1"}],"replies":[{"embeddable":true,"href":"https:\/\/dpsbielawa.pl\/index.php\/wp-json\/wp\/v2\/comments?post=126"}],"version-history":[{"count":9,"href":"https:\/\/dpsbielawa.pl\/index.php\/wp-json\/wp\/v2\/pages\/126\/revisions"}],"predecessor-version":[{"id":5982,"href":"https:\/\/dpsbielawa.pl\/index.php\/wp-json\/wp\/v2\/pages\/126\/revisions\/5982"}],"wp:attachment":[{"href":"https:\/\/dpsbielawa.pl\/index.php\/wp-json\/wp\/v2\/media?parent=126"}],"curies":[{"name":"wp","href":"https:\/\/api.w.org\/{rel}","templated":true}]}}