{"id":33,"date":"2016-02-24T19:15:46","date_gmt":"2016-02-24T18:15:46","guid":{"rendered":"http:\/\/dpsbielaje.cluster023.hosting.ovh.net\/?page_id=33"},"modified":"2021-04-29T14:15:30","modified_gmt":"2021-04-29T12:15:30","slug":"warunki-przyjecia","status":"publish","type":"page","link":"https:\/\/dpsbielawa.pl\/index.php\/warunki-przyjecia\/","title":{"rendered":"Warunki przyj\u0119cia"},"content":{"rendered":"<p style=\"text-align: left;\">Prawo do umieszczenia w domu pomocy spo\u0142ecznej przys\u0142uguje osobie wymagaj\u0105cej ca\u0142odobowej opieki z powodu wieku, choroby lub niepe\u0142nosprawno\u015bci, niemog\u0105cej funkcjonowa\u0107 w \u017cyciu codziennym, kt\u00f3rej nie mo\u017cna zapewni\u0107 niezb\u0119dnej opieki w inny spos\u00f3b.<\/p>\n<p style=\"text-align: center;\"><span style=\"color: #ff0000;\">OD CZEGO ZACZ\u0104\u0106?<\/span><\/p>\n<p><span style=\"color: #3366ff;\">KROK PIERWSZY<\/span><br \/>\nSk\u0142adamy pisemny wniosek o skierowanie do Domu Pomocy Spo\u0142ecznej w Bielawie (DPS), we wniosku opisujemy swoj\u0105 sytuacj\u0119: rodzinn\u0105, zdrowotn\u0105 i finansow\u0105.<br \/>\nZobacz <em>\u2192 <a href=\"https:\/\/dpsbielawa.pl\/wp-content\/uploads\/2016\/02\/przyk\u0142adowy-wniosek-skierowanie.doc\">przyk\u0142adowy wniosek<\/a><\/em><\/p>\n<p><span style=\"color: #3366ff;\">KROK DRUGI<\/span><br \/>\nWniosek ten mo\u017cna z\u0142o\u017cy\u0107 osobi\u015bcie, z pomoc\u0105 rodziny lub znajomych do o\u015brodka pomocy spo\u0142ecznej (OPS) w miejscu swojego zamieszkania lub wysy\u0142a\u0107 poczt\u0105.<br \/>\nNale\u017cy przy tym pami\u0119ta\u0107, by z\u0142o\u017cy\u0107 podanie w dw\u00f3ch egzemplarzach, potwierdzi\u0107 dat\u0119 wp\u0142ywu.<\/p>\n<p style=\"text-align: center;\"><em>O\u015brodek pomocy spo\u0142ecznej<\/em><br \/>\n<em> nie ma prawa odm\u00f3wi\u0107 przyj\u0119cia wniosku<\/em><br \/>\n<em> o skierowanie do domu pomocy spo\u0142ecznej;<\/em><br \/>\n<em> sprawa musi zosta\u0107 rozpatrzona<\/em><br \/>\n<em> i zako\u0144czona decyzj\u0105 administracyjn\u0105.<\/em><\/p>\n<p><span style=\"color: #3366ff;\">KROK TRZECI<\/span><br \/>\nPracownik socjalny przeprowadza wywiad \u015brodowiskowy z osob\u0105 zainteresowan\u0105 w miejscu jej pobytu i kompletuje potrzebn\u0105 dokumentacj\u0119. Po przygotowaniu dokumentacji kierownik o\u015brodka pomocy spo\u0142ecznej wydaje decyzj\u0119 o skierowaniu do DPS i ustala odp\u0142atno\u015b\u0107 za pobyt.<\/p>\n<p><span style=\"color: #3366ff;\">KROK CZWARTY<\/span><br \/>\nPe\u0142na dokumentacja trafia do Powiatowego Centrum Pomocy Rodzinie w Dzier\u017coniowie, gdzie po rozpatrzeniu zostaje wydana decyzja o umieszczeniu osoby w DPS.<br \/>\nNast\u0119pnie oczekujemy na informacj\u0119 z Domu Pomocy Spo\u0142ecznej w Bielawie o terminie przyj\u0119cia.<\/p>\n<p style=\"text-align: center;\"><em>W przypadku gdy otrzymamy decyzj\u0119 odmown\u0105<\/em><br \/>\n<em> mamy prawo odwo\u0142ania si\u0119 do Samorz\u0105dowego Kolegium Odwo\u0142awczego<\/em><br \/>\n<em> za po\u015brednictwem o\u015brodka pomocy spo\u0142ecznej<\/em><br \/>\n<em> w terminie 14 dni od daty otrzymania decyzji.<\/em><\/p>\n<p style=\"text-align: center;\">DODATKOWYCH INFORMACJI UDZIELAMY POD NUMEREM TELEFONU<br \/>\n<span style=\"color: #ff0000;\">74 833 41 31 w Bielawie<\/span><br \/>\n<span style=\"color: #ff0000;\"> 74 837 61 28 w Niemczy<\/span><\/p>\n<p style=\"text-align: center;\">ZAPRASZAMY R\u00d3WNIE\u017b DO NASZEGO DOMU!<\/p>\n<p style=\"text-align: center;\">\n","protected":false},"excerpt":{"rendered":"<p>Prawo do umieszczenia w domu pomocy spo\u0142ecznej przys\u0142uguje osobie wymagaj\u0105cej ca\u0142odobowej opieki z powodu wieku, choroby lub niepe\u0142nosprawno\u015bci, niemog\u0105cej funkcjonowa\u0107 w \u017cyciu codziennym, kt\u00f3rej nie mo\u017cna zapewni\u0107 niezb\u0119dnej opieki w inny spos\u00f3b. OD CZEGO ZACZ\u0104\u0106? KROK PIERWSZY Sk\u0142adamy pisemny wniosek o skierowanie do Domu Pomocy Spo\u0142ecznej w Bielawie (DPS), we wniosku opisujemy swoj\u0105 sytuacj\u0119: rodzinn\u0105, [&hellip;]<\/p>\n","protected":false},"author":1,"featured_media":0,"parent":0,"menu_order":0,"comment_status":"closed","ping_status":"closed","template":"","meta":{"two_page_speed":[],"footnotes":""},"class_list":["post-33","page","type-page","status-publish","hentry","post"],"_links":{"self":[{"href":"https:\/\/dpsbielawa.pl\/index.php\/wp-json\/wp\/v2\/pages\/33","targetHints":{"allow":["GET"]}}],"collection":[{"href":"https:\/\/dpsbielawa.pl\/index.php\/wp-json\/wp\/v2\/pages"}],"about":[{"href":"https:\/\/dpsbielawa.pl\/index.php\/wp-json\/wp\/v2\/types\/page"}],"author":[{"embeddable":true,"href":"https:\/\/dpsbielawa.pl\/index.php\/wp-json\/wp\/v2\/users\/1"}],"replies":[{"embeddable":true,"href":"https:\/\/dpsbielawa.pl\/index.php\/wp-json\/wp\/v2\/comments?post=33"}],"version-history":[{"count":23,"href":"https:\/\/dpsbielawa.pl\/index.php\/wp-json\/wp\/v2\/pages\/33\/revisions"}],"predecessor-version":[{"id":3811,"href":"https:\/\/dpsbielawa.pl\/index.php\/wp-json\/wp\/v2\/pages\/33\/revisions\/3811"}],"wp:attachment":[{"href":"https:\/\/dpsbielawa.pl\/index.php\/wp-json\/wp\/v2\/media?parent=33"}],"curies":[{"name":"wp","href":"https:\/\/api.w.org\/{rel}","templated":true}]}}