{"id":3648,"date":"2021-03-16T15:10:52","date_gmt":"2021-03-16T14:10:52","guid":{"rendered":"https:\/\/dpsbielawa.pl\/?page_id=3648"},"modified":"2021-03-16T17:32:31","modified_gmt":"2021-03-16T16:32:31","slug":"rodo","status":"publish","type":"page","link":"https:\/\/dpsbielawa.pl\/index.php\/rodo\/","title":{"rendered":"RODO"},"content":{"rendered":"<div id=\"pl-3648\"  class=\"panel-layout\" ><div id=\"pg-3648-0\"  class=\"panel-grid panel-no-style\" ><div id=\"pgc-3648-0-0\"  class=\"panel-grid-cell\" ><div id=\"panel-3648-0-0-0\" class=\"so-panel widget widget_sow-editor panel-first-child panel-last-child\" data-index=\"0\" ><div\n\t\t\t\n\t\t\tclass=\"so-widget-sow-editor so-widget-sow-editor-base\"\n\t\t\t\n\t\t>\n<div class=\"siteorigin-widget-tinymce textwidget\">\n\t<section class=\"wysiwyg\" aria-labelledby=\"content-header\">\n<div>\n<p><strong>Ochrona danych osobowych - klauzula informacyjna<br \/>\n<\/strong><\/p>\n<p>W zwi\u0105zku z realizacj\u0105 wymog\u00f3w Rozporz\u0105dzenia Parlamentu Europejskiego i Rady (UE) 2016\/679 z dnia 27 kwietnia 2016 r. w sprawie ochrony os\u00f3b fizycznych w zwi\u0105zku z przetwarzaniem danych osobowych i w sprawie swobodnego przep\u0142ywu takich danych oraz uchylenia dyrektywy 95\/46\/WE (og\u00f3lne rozporz\u0105dzenie o ochronie danych \u201eRODO\u201d), informujemy o zasadach przetwarzania Pani\/Pana danych osobowych oraz o przys\u0142uguj\u0105cych Pani\/Panu prawach z tym zwi\u0105zanych:<\/p>\n<p>1) administratorem Pani\/Pana danych osobowych jest Dom Pomocy Spo\u0142ecznej w Bielawie (dane kontaktowe: 58-260 Bielawa, ul. S. \u017beromskiego 2);<\/p>\n<p>2) pytania dotycz\u0105ce celu, sposobu i zakresu przetwarzania Pani\/Pana danych osobowych oraz przys\u0142uguj\u0105cych Pani\/Panu uprawnie\u0144 mo\u017cna kierowa\u0107 do Inspektora Ochrony Danych: Marcin Patyk, <a class=\"page_wysiwyg_anchor \" href=\"http:\/\/bip.pow.dzierzoniow.pl\/admin\/contents\/1249\/iod@dpsbielawa.pl;\">iod@dpsbielawa.pl;<\/a><\/p>\n<p>3) administrator danych osobowych przetwarza Pani\/Pana dane osobowe na podstawie obowi\u0105zuj\u0105cych przepis\u00f3w prawa, zawartych um\u00f3w albo na podstawie udzielonej zgody;<\/p>\n<p>4) dane osobowe:<\/p>\n<p>a) przetwarzane s\u0105 na podstawie wcze\u015bniej udzielonej zgody w zakresie i celu okre\u015blonym w jej tre\u015bci;<\/p>\n<p>b) przetwarzane s\u0105 w celu wype\u0142nienia obowi\u0105zk\u00f3w prawnych ci\u0105\u017c\u0105cych na administratorze;<\/p>\n<p>c) przetwarzanie jest niezb\u0119dne do wykonania umowy, kt\u00f3rej stron\u0105 jest osoba, kt\u00f3rej dane dotycz\u0105, lub do podj\u0119cia dzia\u0142a\u0144 na \u017c\u0105danie osoby, kt\u00f3rej dane dotycz\u0105, przed zawarciem umowy;<\/p>\n<p>d) przetwarzanie jest niezb\u0119dne do wykonania zadania realizowanego w interesie publicznym lub w ramach sprawowania w\u0142adzy publicznej powierzonej administratorowi;<\/p>\n<p>5) odbiorcami Pani\/Pana danych osobowych mog\u0105 by\u0107:<\/p>\n<p>a) organy w\u0142adzy publicznej i podmioty wykonuj\u0105ce zadania publiczne lub dzia\u0142aj\u0105ce na zlecenie organ\u00f3w w\u0142adzy publicznej, w zakresie oraz celach wynikaj\u0105cych z przepis\u00f3w prawa powszechnie obowi\u0105zuj\u0105cego;<\/p>\n<p>b) inne podmioty, kt\u00f3re przetwarzaj\u0105 dane osobowe na polecenie administratora (na podstawie um\u00f3w powierzenia);<\/p>\n<p>6) okres przechowywania Pani\/Pana danych osobowych jest zgodny z obowi\u0105zuj\u0105cym w jednostce jednolitym rzeczowym wykazem akt;<\/p>\n<p>7) ma Pan\/Pani prawo wniesienia skargi do organu nadzorczego do spraw ochrony danych osobowych, gdy uzna Pani\/Pan, i\u017c przetwarzanie Pani\/Pana danych osobowych dotycz\u0105cych narusza przepisy og\u00f3lnego rozporz\u0105dzenia o ochronie danych osobowych z dnia 27 kwietnia 2016 r., a tak\u017ce przys\u0142uguj\u0105 Pani\/Panu nast\u0119puj\u0105ce uprawnienia:<\/p>\n<p>a) prawo dost\u0119pu do danych osobowych (w tym do uzyskania kopii tych danych);<\/p>\n<p>b) prawo do \u017c\u0105dania sprostowania (poprawiania) danych osobowych \u2013 w przypadku gdy dane s\u0105 nieprawid\u0142owe lub niekompletne;<\/p>\n<p>c) prawo do \u017c\u0105dania usuni\u0119cia danych osobowych, w przypadku, gdy: dane nie s\u0105 ju\u017c niezb\u0119dne do cel\u00f3w, dla kt\u00f3rych by\u0142y zebrane lub w inny spos\u00f3b przetwarzane, osoba, kt\u00f3rej dane dotycz\u0105, wnios\u0142a sprzeciw wobec przetwarzania danych osobowych, osoba, kt\u00f3rej dane dotycz\u0105 wycofa\u0142a zgod\u0119 na przetwarzanie danych osobowych, kt\u00f3ra jest podstaw\u0105 przetwarzania danych i nie ma innej podstawy prawnej przetwarzania danych, dane osobowe przetwarzane s\u0105 niezgodnie z prawem, dane osobowe musz\u0105 by\u0107 usuni\u0119te w celu wywi\u0105zania si\u0119 z obowi\u0105zku wynikaj\u0105cego z przepis\u00f3w prawa;<\/p>\n<p>d) prawo do \u017c\u0105dania ograniczenia przetwarzania danych osobowych \u2013 w przypadku, gdy: osoba, kt\u00f3rej dane dotycz\u0105 kwestionuje prawid\u0142owo\u015b\u0107 danych osobowych, przetwarzanie danych jest niezgodne z prawem, a osoba, kt\u00f3rej dane dotycz\u0105, sprzeciwia si\u0119 usuni\u0119ciu danych, \u017c\u0105daj\u0105c w zamian ich ograniczenia, administrator nie potrzebuje ju\u017c danych dla swoich cel\u00f3w, ale osoba, kt\u00f3rej dane dotycz\u0105, potrzebuje ich do ustalenia, obrony lub dochodzenia roszcze\u0144, osoba, kt\u00f3rej dane dotycz\u0105, wnios\u0142a sprzeciw wobec przetwarzania danych, do czasu ustalenia czy prawnie uzasadnione podstawy po stronie administratora s\u0105 nadrz\u0119dne wobec podstawy sprzeciwu;<\/p>\n<p>e) prawo do przenoszenia danych \u2013 w przypadku, gdy \u0142\u0105cznie spe\u0142nione s\u0105 nast\u0119puj\u0105ce przes\u0142anki: przetwarzanie danych odbywa si\u0119 na podstawie umowy zawartej z osob\u0105, kt\u00f3rej dane dotycz\u0105 lub na podstawie zgody wyra\u017conej przez t\u0105 osob\u0119; przetwarzanie odbywa si\u0119 w spos\u00f3b zautomatyzowany;<\/p>\n<p>f) prawo sprzeciwu wobec przetwarzania danych \u2013 w przypadku, gdy \u0142\u0105cznie spe\u0142nione s\u0105 nast\u0119puj\u0105ce przes\u0142anki: zaistniej\u0105 przyczyny zwi\u0105zane z Pani\/Pana szczeg\u00f3ln\u0105 sytuacj\u0105, w przypadku przetwarzania danych na podstawie zadania realizowanego w interesie publicznym lub w ramach sprawowania w\u0142adzy publicznej przez administratora; przetwarzanie jest niezb\u0119dne do cel\u00f3w wynikaj\u0105cych z prawnie uzasadnionych interes\u00f3w realizowanych przez administratora lub przez stron\u0119 trzeci\u0105, z wyj\u0105tkiem sytuacji, w kt\u00f3rych nadrz\u0119dny charakter wobec tych interes\u00f3w maj\u0105 interesy lub podstawowe prawa i wolno\u015bci osoby, kt\u00f3rej dane dotycz\u0105, wymagaj\u0105ce ochrony danych osobowych, w szczeg\u00f3lno\u015bci gdy osoba, kt\u00f3rej dane dotycz\u0105 jest dzieckiem;<\/p>\n<p>8) w sytuacji, gdy przetwarzanie danych osobowych odbywa si\u0119 na podstawie zgody (art. 6 ust. 1 lit. a RODO), przys\u0142uguje Pani\/Panu prawo do cofni\u0119cia tej zgody w dowolnym momencie. Cofni\u0119cie to nie ma wp\u0142ywu na zgodno\u015b\u0107 przetwarzania z prawem, kt\u00f3rego dokonano na podstawie zgody przed jej cofni\u0119ciem;<\/p>\n<p>9) podanie przez Pani\u0105\/Pana danych osobowych jest obowi\u0105zkowe, w przypadku, gdy przes\u0142ank\u0119 przetwarzania danych osobowych stanowi przepis prawa lub zawarta mi\u0119dzy stronami umowa;<\/p>\n<p>10) Pani\/Pana dane mog\u0105 by\u0107 przetwarzane w spos\u00f3b zautomatyzowany i nie b\u0119d\u0105 profilowane.<\/p>\n<\/div>\n<\/section>\n<\/div>\n<\/div><\/div><\/div><\/div><\/div>","protected":false},"excerpt":{"rendered":"<p>Ochrona danych osobowych &#8211; klauzula informacyjna W zwi\u0105zku z realizacj\u0105 wymog\u00f3w Rozporz\u0105dzenia Parlamentu Europejskiego i Rady (UE) 2016\/679 z dnia 27 kwietnia 2016 r. w sprawie ochrony os\u00f3b fizycznych w zwi\u0105zku z przetwarzaniem danych osobowych i w sprawie swobodnego przep\u0142ywu takich danych oraz uchylenia dyrektywy 95\/46\/WE (og\u00f3lne rozporz\u0105dzenie o ochronie danych \u201eRODO\u201d), informujemy o zasadach [&hellip;]<\/p>\n","protected":false},"author":1,"featured_media":0,"parent":0,"menu_order":0,"comment_status":"closed","ping_status":"closed","template":"","meta":{"two_page_speed":[],"footnotes":""},"class_list":["post-3648","page","type-page","status-publish","hentry","post"],"_links":{"self":[{"href":"https:\/\/dpsbielawa.pl\/index.php\/wp-json\/wp\/v2\/pages\/3648","targetHints":{"allow":["GET"]}}],"collection":[{"href":"https:\/\/dpsbielawa.pl\/index.php\/wp-json\/wp\/v2\/pages"}],"about":[{"href":"https:\/\/dpsbielawa.pl\/index.php\/wp-json\/wp\/v2\/types\/page"}],"author":[{"embeddable":true,"href":"https:\/\/dpsbielawa.pl\/index.php\/wp-json\/wp\/v2\/users\/1"}],"replies":[{"embeddable":true,"href":"https:\/\/dpsbielawa.pl\/index.php\/wp-json\/wp\/v2\/comments?post=3648"}],"version-history":[{"count":4,"href":"https:\/\/dpsbielawa.pl\/index.php\/wp-json\/wp\/v2\/pages\/3648\/revisions"}],"predecessor-version":[{"id":3671,"href":"https:\/\/dpsbielawa.pl\/index.php\/wp-json\/wp\/v2\/pages\/3648\/revisions\/3671"}],"wp:attachment":[{"href":"https:\/\/dpsbielawa.pl\/index.php\/wp-json\/wp\/v2\/media?parent=3648"}],"curies":[{"name":"wp","href":"https:\/\/api.w.org\/{rel}","templated":true}]}}