{"id":3655,"date":"2021-03-16T16:59:52","date_gmt":"2021-03-16T15:59:52","guid":{"rendered":"https:\/\/dpsbielawa.pl\/?page_id=3655"},"modified":"2024-10-15T10:21:20","modified_gmt":"2024-10-15T08:21:20","slug":"klauzula-inf-dot-facebooka","status":"publish","type":"page","link":"https:\/\/dpsbielawa.pl\/index.php\/klauzula-inf-dot-facebooka\/","title":{"rendered":"Klauzula informacyjna dot. Facebooka"},"content":{"rendered":"<div id=\"pl-3655\"  class=\"panel-layout\" ><div id=\"pg-3655-0\"  class=\"panel-grid panel-no-style\" ><div id=\"pgc-3655-0-0\"  class=\"panel-grid-cell\" ><div id=\"panel-3655-0-0-0\" class=\"so-panel widget widget_sow-editor panel-first-child panel-last-child\" data-index=\"0\" ><div\n\t\t\t\n\t\t\tclass=\"so-widget-sow-editor so-widget-sow-editor-base\"\n\t\t\t\n\t\t>\n<div class=\"siteorigin-widget-tinymce textwidget\">\n\t<p align=\"LEFT\"><span style=\"color: #000000;\"><span style=\"font-family: Verdana, sans-serif;\"><span style=\"font-size: small;\"><b>Klauzula informacyjna dotycz\u0105ca profilu DPS na Facebooku<\/b><\/span><\/span><\/span><\/p>\n<p align=\"LEFT\"><span style=\"color: #323232;\"><span style=\"font-family: font-r, Arial, sans-serif;\"><span style=\"font-size: medium;\"><span style=\"color: #000000;\"><span style=\"font-family: Verdana, sans-serif;\"><span style=\"font-size: small;\">Realizuj\u0105c wymogi rozporz\u0105dzenia Parlamentu Europejskiego i Rady (UE) 2016\/679 z\u00a0dnia 27\u00a0kwietnia 2016 r. w sprawie ochrony os\u00f3b fizycznych w zwi\u0105zku z przetwarzaniem danych osobowych i\u00a0w\u00a0sprawie swobodnego przep\u0142ywu takich danych oraz uchylenia dyrektywy 95\/46\/WE (og\u00f3lne rozporz\u0105dzenie o ochronie danych) (Dz. Urz. UE. L Nr 119, str.1), zwanego dalej \u201eRODO\u201d, informujemy, \u017ce:<br \/>\n1) administratorem Pani\/Pana danych osobowych jest Dom Pomocy Spo\u0142ecznej w Bielawie (dane\u00a0kontaktowe: 58-260 Bielawa, ul. Stefana \u017beromskiego 2, e-mail: <\/span><\/span><\/span><a href=\"mailto:dpsbielawa@dpsbielawa.pl\">dpsbielawa@dpsbielawa.pl<\/a><span style=\"color: #000000;\"><span style=\"font-family: Verdana, sans-serif;\"><span style=\"font-size: small;\">);<\/span><\/span><\/span><\/span><\/span><\/span><\/p>\n<p align=\"LEFT\"><span style=\"color: #323232;\"><span style=\"font-family: font-r, Arial, sans-serif;\"><span style=\"font-size: medium;\"><span style=\"color: #000000;\"><span style=\"font-family: Verdana, sans-serif;\"><span style=\"font-size: small;\">2) w sprawach dotycz\u0105cych przetwarzania danych osobowych mo\u017cna kontaktowa\u0107 si\u0119 z\u00a0inspektorem ochrony danych \u2013 dane kontaktowe: e-mail: <\/span><\/span><\/span><a href=\"mailto:iod@dpsbielawa.pl\">iod@dpsbielawa.pl<\/a><span style=\"color: #000000;\"><span style=\"font-family: Verdana, sans-serif;\"><span style=\"font-size: small;\"> (lub poczt\u0105 tradycyjn\u0105 na adres administratora danych);<\/span><\/span><\/span><\/span><\/span><\/span><\/p>\n<p align=\"LEFT\"><span style=\"color: #000000;\"><span style=\"font-family: Verdana, sans-serif;\"><span style=\"font-size: small;\">3) dane osobowe przetwarzane b\u0119d\u0105 na podstawie Pani\/Pana zgody w celach prowadzenia komunikacji w ramach fanpage Domu Pomocy Spo\u0142ecznej w Bielawie, dost\u0119pnego pod adresem https:\/\/www.facebook.com\/pages\/category\/Nursing-Home\/Dom-Pomocy-Spo%C5%82ecznej-w-Bielawie-z-fili%C4%85-w-Niemczy-100703114804291\/, w szczeg\u00f3lno\u015bci odpowiedzi na reakcje, komentarze oraz prywatne wiadomo\u015bci;<\/span><\/span><\/span><\/p>\n<p align=\"LEFT\"><span style=\"color: #000000;\"><span style=\"font-family: Verdana, sans-serif;\"><span style=\"font-size: small;\">4) administrator mo\u017ce udost\u0119pni\u0107 Pani\/Pana dane osobowe:<br \/>\na) podmiotom \u015bwiadcz\u0105cym na jego rzecz us\u0142ugi prawne lub informatyczne;<br \/>\nb) innym uprawnionym odbiorcom;<\/span><\/span><\/span><\/p>\n<p align=\"LEFT\"><span style=\"color: #000000;\"><span style=\"font-family: Verdana, sans-serif;\"><span style=\"font-size: small;\">5) Pani\/Pana dane osobowe b\u0119d\u0105 r\u00f3wnie\u017c przetwarzane w\u00a0celach archiwalnych przez okres ustalony na podstawie jednolitego rzeczowego wykazu akt;<\/span><\/span><\/span><\/p>\n<p align=\"LEFT\"><span style=\"color: #000000;\"><span style=\"font-family: Verdana, sans-serif;\"><span style=\"font-size: small;\">6) posiada Pani\/Pan:<br \/>\na) prawo \u017c\u0105dania dost\u0119pu do tre\u015bci swoich danych oraz ich sprostowania, usuni\u0119cia, ograniczenia przetwarzania, wniesienia sprzeciwu, prawo do przenoszenia danych, prawo do cofni\u0119cia zgody w\u00a0dowolnym momencie bez wp\u0142ywu na zgodno\u015b\u0107 z\u00a0prawem przetwarzania \u2013 w\u00a0sytuacjach okre\u015blonych przepisami RODO w tym zakresie;<br \/>\nb) prawo do wniesienia skargi do Prezesa Urz\u0119du Ochrony Danych Osobowych (adres: 00-193 Warszawa, ul.\u00a0Stawki 2), gdy\u00a0uzna Pani\/Pan, \u017ce przetwarzanie danych osobowych Pani\/Pana dotycz\u0105cych narusza przepisy RODO.<\/span><\/span><\/span><\/p>\n<\/div>\n<\/div><\/div><\/div><\/div><\/div>","protected":false},"excerpt":{"rendered":"<p>Klauzula informacyjna dotycz\u0105ca profilu DPS na Facebooku Realizuj\u0105c wymogi rozporz\u0105dzenia Parlamentu Europejskiego i Rady (UE) 2016\/679 z\u00a0dnia 27\u00a0kwietnia 2016 r. w sprawie ochrony os\u00f3b fizycznych w zwi\u0105zku z przetwarzaniem danych osobowych i\u00a0w\u00a0sprawie swobodnego przep\u0142ywu takich danych oraz uchylenia dyrektywy 95\/46\/WE (og\u00f3lne rozporz\u0105dzenie o ochronie danych) (Dz. Urz. UE. L Nr 119, str.1), zwanego dalej \u201eRODO\u201d, [&hellip;]<\/p>\n","protected":false},"author":1,"featured_media":0,"parent":0,"menu_order":0,"comment_status":"closed","ping_status":"closed","template":"","meta":{"two_page_speed":[],"footnotes":""},"class_list":["post-3655","page","type-page","status-publish","hentry","post"],"_links":{"self":[{"href":"https:\/\/dpsbielawa.pl\/index.php\/wp-json\/wp\/v2\/pages\/3655","targetHints":{"allow":["GET"]}}],"collection":[{"href":"https:\/\/dpsbielawa.pl\/index.php\/wp-json\/wp\/v2\/pages"}],"about":[{"href":"https:\/\/dpsbielawa.pl\/index.php\/wp-json\/wp\/v2\/types\/page"}],"author":[{"embeddable":true,"href":"https:\/\/dpsbielawa.pl\/index.php\/wp-json\/wp\/v2\/users\/1"}],"replies":[{"embeddable":true,"href":"https:\/\/dpsbielawa.pl\/index.php\/wp-json\/wp\/v2\/comments?post=3655"}],"version-history":[{"count":8,"href":"https:\/\/dpsbielawa.pl\/index.php\/wp-json\/wp\/v2\/pages\/3655\/revisions"}],"predecessor-version":[{"id":7129,"href":"https:\/\/dpsbielawa.pl\/index.php\/wp-json\/wp\/v2\/pages\/3655\/revisions\/7129"}],"wp:attachment":[{"href":"https:\/\/dpsbielawa.pl\/index.php\/wp-json\/wp\/v2\/media?parent=3655"}],"curies":[{"name":"wp","href":"https:\/\/api.w.org\/{rel}","templated":true}]}}