{"id":3664,"date":"2021-03-16T17:14:36","date_gmt":"2021-03-16T16:14:36","guid":{"rendered":"https:\/\/dpsbielawa.pl\/?page_id=3664"},"modified":"2022-02-25T15:25:10","modified_gmt":"2022-02-25T14:25:10","slug":"deklaracja-dostepnosci","status":"publish","type":"page","link":"https:\/\/dpsbielawa.pl\/index.php\/deklaracja-dostepnosci\/","title":{"rendered":"Deklaracja dost\u0119pno\u015bci"},"content":{"rendered":"<div id=\"pl-3664\"  class=\"panel-layout\" ><div id=\"pg-3664-0\"  class=\"panel-grid panel-no-style\" ><div id=\"pgc-3664-0-0\"  class=\"panel-grid-cell\" ><div id=\"panel-3664-0-0-0\" class=\"so-panel widget widget_sow-editor panel-first-child panel-last-child\" data-index=\"0\" ><div\n\t\t\t\n\t\t\tclass=\"so-widget-sow-editor so-widget-sow-editor-base\"\n\t\t\t\n\t\t>\n<div class=\"siteorigin-widget-tinymce textwidget\">\n\t<h1 class=\"western\"><span style=\"color: #4d245e;\"><span style=\"font-family: Lato, apple-system, BlinkMacSystemFont, Segoe UI, Roboto, Helvetica Neue, Arial, Noto Sans, sans-serif, Apple Color Emoji, Segoe UI Emoji, Segoe UI Symbol, Noto Color Emoji;\"><span style=\"font-size: x-large;\"><b>Deklaracja dost\u0119pno\u015bci strony internetowej <\/b><\/span><\/span><\/span><\/h1>\n<h1 class=\"western\"><span style=\"color: #4d245e;\"><span style=\"font-family: Lato, apple-system, BlinkMacSystemFont, Segoe UI, Roboto, Helvetica Neue, Arial, Noto Sans, sans-serif, Apple Color Emoji, Segoe UI Emoji, Segoe UI Symbol, Noto Color Emoji;\"><span style=\"font-size: x-large;\"><b>- Domu Pomocy Spo\u0142ecznej w Bielawie<\/b><\/span><\/span><\/span><\/h1>\n<p align=\"LEFT\"><a name=\"a11y-podmiot\"><\/a><a name=\"a11y-wstep\"><\/a><a name=\"a11y-url\"><\/a> <span style=\"color: #212529;\"><span style=\"font-family: Lato, apple-system, BlinkMacSystemFont, Segoe UI, Roboto, Helvetica Neue, Arial, Noto Sans, sans-serif, Apple Color Emoji, Segoe UI Emoji, Segoe UI Symbol, Noto Color Emoji;\"><span style=\"font-size: medium;\">Dom Pomocy Spo\u0142ecznej w Bielawie\u00a0zobowi\u0105zuje si\u0119 zapewni\u0107 dost\u0119pno\u015b\u0107 swojej strony internetowej zgodnie z przepisami ustawy z dnia 4\u00a0kwietnia 2019\u00a0r. o\u00a0dost\u0119pno\u015bci cyfrowej stron internetowych i\u00a0aplikacji mobilnych podmiot\u00f3w publicznych. O\u015bwiadczenie w sprawie dost\u0119pno\u015bci ma zastosowanie do strony internetowej\u00a0<\/span><\/span><\/span><a href=\"http:\/\/bip.pow.dzierzoniow.pl\/artykul\/138\/117\/informacje-podstawowe\"><span style=\"color: #4d245e;\"><span style=\"font-family: Lato, apple-system, BlinkMacSystemFont, Segoe UI, Roboto, Helvetica Neue, Arial, Noto Sans, sans-serif, Apple Color Emoji, Segoe UI Emoji, Segoe UI Symbol, Noto Color Emoji;\"><span style=\"font-size: medium;\">- Domu Pomocy Spo\u0142ecznej w Bielawie<\/span><\/span><\/span><\/a><\/p>\n<p align=\"LEFT\"><span style=\"color: #663399;\"><span style=\"font-family: Lato, apple-system, BlinkMacSystemFont, Segoe UI, Roboto, Helvetica Neue, Arial, Noto Sans, sans-serif, Apple Color Emoji, Segoe UI Emoji, Segoe UI Symbol, Noto Color Emoji;\"><span style=\"font-size: medium;\"><u><a href=\"https:\/\/dpsbielawa.pl\/\">https:\/\/dpsbielawa.pl<\/a> <\/u><\/span><\/span><\/span><\/p>\n<ul>\n<li>\n<p align=\"LEFT\"><span style=\"color: #212529;\"><span style=\"font-family: Lato, apple-system, BlinkMacSystemFont, Segoe UI, Roboto, Helvetica Neue, Arial, Noto Sans, sans-serif, Apple Color Emoji, Segoe UI Emoji, Segoe UI Symbol, Noto Color Emoji;\"><span style=\"font-size: medium;\">Data publikacji strony internetowej:\u00a02016-01-01<\/span><\/span><\/span><\/p>\n<\/li>\n<li>\n<p align=\"LEFT\"><span style=\"color: #212529;\"><span style=\"font-family: Lato, apple-system, BlinkMacSystemFont, Segoe UI, Roboto, Helvetica Neue, Arial, Noto Sans, sans-serif, Apple Color Emoji, Segoe UI Emoji, Segoe UI Symbol, Noto Color Emoji;\"><span style=\"font-size: medium;\">Data ostatniej istotnej aktualizacji:\u00a0<span lang=\"zxx\">2022-02-25<\/span><\/span><\/span><\/span><\/p>\n<\/li>\n<\/ul>\n<h2 class=\"western\" align=\"LEFT\"><span style=\"color: #4d245e;\"><span style=\"font-family: Lato, apple-system, BlinkMacSystemFont, Segoe UI, Roboto, Helvetica Neue, Arial, Noto Sans, sans-serif, Apple Color Emoji, Segoe UI Emoji, Segoe UI Symbol, Noto Color Emoji;\"><span style=\"font-size: large;\"><b>Status pod wzgl\u0119dem zgodno\u015bci z ustaw\u0105<\/b><\/span><\/span><\/span><\/h2>\n<p align=\"LEFT\"><a name=\"a11y-status\"><\/a> <span style=\"color: #212529;\"><span style=\"font-family: Lato, apple-system, BlinkMacSystemFont, Segoe UI, Roboto, Helvetica Neue, Arial, Noto Sans, sans-serif, Apple Color Emoji, Segoe UI Emoji, Segoe UI Symbol, Noto Color Emoji;\"><span style=\"font-size: medium;\">Strona internetowa jest\u00a0<\/span><\/span><\/span><strong><span style=\"color: #212529;\"><span style=\"font-family: Lato, apple-system, BlinkMacSystemFont, Segoe UI, Roboto, Helvetica Neue, Arial, Noto Sans, sans-serif, Apple Color Emoji, Segoe UI Emoji, Segoe UI Symbol, Noto Color Emoji;\"><span style=\"font-size: medium;\"><b>cz\u0119\u015bciowo zgodna<\/b><\/span><\/span><\/span><\/strong><span style=\"color: #212529;\"><span style=\"font-family: Lato, apple-system, BlinkMacSystemFont, Segoe UI, Roboto, Helvetica Neue, Arial, Noto Sans, sans-serif, Apple Color Emoji, Segoe UI Emoji, Segoe UI Symbol, Noto Color Emoji;\"><span style=\"font-size: medium;\">\u00a0z\u00a0ustaw\u0105 o\u00a0dost\u0119pno\u015bci cyfrowej stron internetowych i\u00a0aplikacji mobilnych podmiot\u00f3w publicznych z\u00a0powodu niezgodno\u015bci lub wy\u0142\u0105cze\u0144 wymienionych poni\u017cej.<\/span><\/span><\/span><\/p>\n<h3 class=\"western\" align=\"LEFT\"><span style=\"color: #4d245e;\"><span style=\"font-family: Lato, apple-system, BlinkMacSystemFont, Segoe UI, Roboto, Helvetica Neue, Arial, Noto Sans, sans-serif, Apple Color Emoji, Segoe UI Emoji, Segoe UI Symbol, Noto Color Emoji;\"><span style=\"font-size: large;\"><b>Tre\u015bci niedost\u0119pne<\/b><\/span><\/span><\/span><\/h3>\n<ul>\n<li>\n<p align=\"LEFT\"><span style=\"color: #212529;\"><span style=\"font-family: Lato, apple-system, BlinkMacSystemFont, Segoe UI, Roboto, Helvetica Neue, Arial, Noto Sans, sans-serif, Apple Color Emoji, Segoe UI Emoji, Segoe UI Symbol, Noto Color Emoji;\"><span style=\"font-size: medium;\">Niekt\u00f3re pliki PDF s\u0105 niedost\u0119pne cyfrowo (w wersji edytowalnej)<\/span><\/span><\/span><\/p>\n<\/li>\n<li>\n<p align=\"LEFT\"><span style=\"color: #212529;\"><span style=\"font-family: Lato, apple-system, BlinkMacSystemFont, Segoe UI, Roboto, Helvetica Neue, Arial, Noto Sans, sans-serif, Apple Color Emoji, Segoe UI Emoji, Segoe UI Symbol, Noto Color Emoji;\"><span style=\"font-size: medium;\">Niekt\u00f3re plik s\u0105 w formie skan\u00f3w<\/span><\/span><\/span><\/p>\n<\/li>\n<li>\n<p align=\"LEFT\"><span style=\"color: #212529;\"><span style=\"font-family: Lato, apple-system, BlinkMacSystemFont, Segoe UI, Roboto, Helvetica Neue, Arial, Noto Sans, sans-serif, Apple Color Emoji, Segoe UI Emoji, Segoe UI Symbol, Noto Color Emoji;\"><span style=\"font-size: medium;\">Zdj\u0119cia umieszczane na stronie nie posiadaj\u0105 opis\u00f3w szczeg\u00f3\u0142owych<\/span><\/span><\/span><\/p>\n<\/li>\n<\/ul>\n<h3 class=\"western\" align=\"LEFT\"><span style=\"color: #4d245e;\"><span style=\"font-family: Lato, apple-system, BlinkMacSystemFont, Segoe UI, Roboto, Helvetica Neue, Arial, Noto Sans, sans-serif, Apple Color Emoji, Segoe UI Emoji, Segoe UI Symbol, Noto Color Emoji;\"><span style=\"font-size: large;\"><b>Przygotowanie deklaracji w sprawie dost\u0119pno\u015bci<\/b><\/span><\/span><\/span><\/h3>\n<ul>\n<li>\n<p align=\"LEFT\"><span style=\"color: #212529;\"><span style=\"font-family: Lato, apple-system, BlinkMacSystemFont, Segoe UI, Roboto, Helvetica Neue, Arial, Noto Sans, sans-serif, Apple Color Emoji, Segoe UI Emoji, Segoe UI Symbol, Noto Color Emoji;\"><span style=\"font-size: medium;\">Deklaracj\u0119 sporz\u0105dzono dnia:\u00a02020-11-04<\/span><\/span><\/span><\/p>\n<\/li>\n<li>\n<p align=\"LEFT\"><span style=\"color: #212529;\"><span style=\"font-family: Lato, apple-system, BlinkMacSystemFont, Segoe UI, Roboto, Helvetica Neue, Arial, Noto Sans, sans-serif, Apple Color Emoji, Segoe UI Emoji, Segoe UI Symbol, Noto Color Emoji;\"><span style=\"font-size: medium;\">Deklaracj\u0119 zosta\u0142a ostatnio poddana przegl\u0105dowi i aktualizacji dnia: 2022-02-25<\/span><\/span><\/span><\/p>\n<\/li>\n<\/ul>\n<p align=\"LEFT\"><span style=\"color: #212529;\"><span style=\"font-family: Lato, apple-system, BlinkMacSystemFont, Segoe UI, Roboto, Helvetica Neue, Arial, Noto Sans, sans-serif, Apple Color Emoji, Segoe UI Emoji, Segoe UI Symbol, Noto Color Emoji;\"><span style=\"font-size: medium;\">Deklaracj\u0119 sporz\u0105dzono na podstawie samooceny.<\/span><\/span><\/span><\/p>\n<h2 class=\"western\" align=\"LEFT\"><a name=\"a11y-kontakt\"><\/a> <span style=\"color: #4d245e;\"><span style=\"font-family: Lato, apple-system, BlinkMacSystemFont, Segoe UI, Roboto, Helvetica Neue, Arial, Noto Sans, sans-serif, Apple Color Emoji, Segoe UI Emoji, Segoe UI Symbol, Noto Color Emoji;\"><span style=\"font-size: large;\"><b>Informacje zwrotne i dane kontaktowe<\/b><\/span><\/span><\/span><\/h2>\n<ul>\n<li>\n<p align=\"LEFT\"><a name=\"a11y-osoba\"><\/a> <span style=\"color: #212529;\"><span style=\"font-family: Lato, apple-system, BlinkMacSystemFont, Segoe UI, Roboto, Helvetica Neue, Arial, Noto Sans, sans-serif, Apple Color Emoji, Segoe UI Emoji, Segoe UI Symbol, Noto Color Emoji;\"><span style=\"font-size: medium;\">Za rozpatrywanie uwag i wniosk\u00f3w odpowiada:\u00a0Ewa Skrzypek.<\/span><\/span><\/span><\/p>\n<\/li>\n<li>\n<p align=\"LEFT\"><a name=\"a11y-email\"><\/a> <span style=\"color: #212529;\"><span style=\"font-family: Lato, apple-system, BlinkMacSystemFont, Segoe UI, Roboto, Helvetica Neue, Arial, Noto Sans, sans-serif, Apple Color Emoji, Segoe UI Emoji, Segoe UI Symbol, Noto Color Emoji;\"><span style=\"font-size: medium;\">E-mail:\u00a0dpsbielawa@dpsbielawa.pl<\/span><\/span><\/span><\/p>\n<\/li>\n<li>\n<p align=\"LEFT\"><a name=\"a11y-telefon\"><\/a> <span style=\"color: #212529;\"><span style=\"font-family: Lato, apple-system, BlinkMacSystemFont, Segoe UI, Roboto, Helvetica Neue, Arial, Noto Sans, sans-serif, Apple Color Emoji, Segoe UI Emoji, Segoe UI Symbol, Noto Color Emoji;\"><span style=\"font-size: medium;\">Telefon:\u00a074 833 41 31<\/span><\/span><\/span><\/p>\n<\/li>\n<\/ul>\n<p align=\"LEFT\"><a name=\"a11y-procedura\"><\/a> <span style=\"color: #212529;\"><span style=\"font-family: Lato, apple-system, BlinkMacSystemFont, Segoe UI, Roboto, Helvetica Neue, Arial, Noto Sans, sans-serif, Apple Color Emoji, Segoe UI Emoji, Segoe UI Symbol, Noto Color Emoji;\"><span style=\"font-size: medium;\">Ka\u017cdy ma prawo:<\/span><\/span><\/span><\/p>\n<ul>\n<li>\n<p align=\"LEFT\"><span style=\"color: #212529;\"><span style=\"font-family: Lato, apple-system, BlinkMacSystemFont, Segoe UI, Roboto, Helvetica Neue, Arial, Noto Sans, sans-serif, Apple Color Emoji, Segoe UI Emoji, Segoe UI Symbol, Noto Color Emoji;\"><span style=\"font-size: medium;\">zg\u0142osi\u0107 uwagi dotycz\u0105ce dost\u0119pno\u015bci cyfrowej strony lub jej elementu,<\/span><\/span><\/span><\/p>\n<\/li>\n<li>\n<p align=\"LEFT\"><span style=\"color: #212529;\"><span style=\"font-family: Lato, apple-system, BlinkMacSystemFont, Segoe UI, Roboto, Helvetica Neue, Arial, Noto Sans, sans-serif, Apple Color Emoji, Segoe UI Emoji, Segoe UI Symbol, Noto Color Emoji;\"><span style=\"font-size: medium;\">zg\u0142osi\u0107 \u017c\u0105danie zapewnienia dost\u0119pno\u015bci cyfrowej strony lub jej elementu,<\/span><\/span><\/span><\/p>\n<\/li>\n<li>\n<p align=\"LEFT\"><span style=\"color: #212529;\"><span style=\"font-family: Lato, apple-system, BlinkMacSystemFont, Segoe UI, Roboto, Helvetica Neue, Arial, Noto Sans, sans-serif, Apple Color Emoji, Segoe UI Emoji, Segoe UI Symbol, Noto Color Emoji;\"><span style=\"font-size: medium;\">wnioskowa\u0107 o udost\u0119pnienie niedost\u0119pnej informacji w innej alternatywnej formie.<\/span><\/span><\/span><\/p>\n<\/li>\n<\/ul>\n<p align=\"LEFT\"><span style=\"color: #212529;\"><span style=\"font-family: Lato, apple-system, BlinkMacSystemFont, Segoe UI, Roboto, Helvetica Neue, Arial, Noto Sans, sans-serif, Apple Color Emoji, Segoe UI Emoji, Segoe UI Symbol, Noto Color Emoji;\"><span style=\"font-size: medium;\">\u017b\u0105danie musi zawiera\u0107:<\/span><\/span><\/span><\/p>\n<ul>\n<li>\n<p align=\"LEFT\"><span style=\"color: #212529;\"><span style=\"font-family: Lato, apple-system, BlinkMacSystemFont, Segoe UI, Roboto, Helvetica Neue, Arial, Noto Sans, sans-serif, Apple Color Emoji, Segoe UI Emoji, Segoe UI Symbol, Noto Color Emoji;\"><span style=\"font-size: medium;\">dane kontaktowe osoby zg\u0142aszaj\u0105cej,<\/span><\/span><\/span><\/p>\n<\/li>\n<li>\n<p align=\"LEFT\"><span style=\"color: #212529;\"><span style=\"font-family: Lato, apple-system, BlinkMacSystemFont, Segoe UI, Roboto, Helvetica Neue, Arial, Noto Sans, sans-serif, Apple Color Emoji, Segoe UI Emoji, Segoe UI Symbol, Noto Color Emoji;\"><span style=\"font-size: medium;\">wskazanie strony lub elementu strony, kt\u00f3rej dotyczy \u017c\u0105danie,<\/span><\/span><\/span><\/p>\n<\/li>\n<li>\n<p align=\"LEFT\"><span style=\"color: #212529;\"><span style=\"font-family: Lato, apple-system, BlinkMacSystemFont, Segoe UI, Roboto, Helvetica Neue, Arial, Noto Sans, sans-serif, Apple Color Emoji, Segoe UI Emoji, Segoe UI Symbol, Noto Color Emoji;\"><span style=\"font-size: medium;\">wskazanie dogodnej formy udost\u0119pnienia informacji, je\u015bli \u017c\u0105danie dotyczy udost\u0119pnienia w formie alternatywnej informacji niedost\u0119pnej.<\/span><\/span><\/span><\/p>\n<\/li>\n<\/ul>\n<p align=\"LEFT\"><span style=\"color: #212529;\"><span style=\"font-family: Lato, apple-system, BlinkMacSystemFont, Segoe UI, Roboto, Helvetica Neue, Arial, Noto Sans, sans-serif, Apple Color Emoji, Segoe UI Emoji, Segoe UI Symbol, Noto Color Emoji;\"><span style=\"font-size: medium;\">Rozpatrzenie zg\u0142oszenia powinno nast\u0105pi\u0107 niezw\u0142ocznie, najp\u00f3\u017aniej w ci\u0105gu 7 dni. Je\u015bli w tym terminie zapewnienie dost\u0119pno\u015bci albo zapewnienie dost\u0119pu w alternatywnej formie nie jest mo\u017cliwe, powinno nast\u0105pi\u0107 najdalej w ci\u0105gu 2 miesi\u0119cy od daty zg\u0142oszenia.<\/span><\/span><\/span><\/p>\n<h4 class=\"western\" align=\"LEFT\"><span style=\"color: #4d245e;\"><span style=\"font-family: Lato, apple-system, BlinkMacSystemFont, Segoe UI, Roboto, Helvetica Neue, Arial, Noto Sans, sans-serif, Apple Color Emoji, Segoe UI Emoji, Segoe UI Symbol, Noto Color Emoji;\"><b>Skargi i odwo\u0142ania<\/b><\/span><\/span><\/h4>\n<p align=\"LEFT\"><span style=\"color: #212529;\"><span style=\"font-family: Lato, apple-system, BlinkMacSystemFont, Segoe UI, Roboto, Helvetica Neue, Arial, Noto Sans, sans-serif, Apple Color Emoji, Segoe UI Emoji, Segoe UI Symbol, Noto Color Emoji;\"><span style=\"font-size: medium;\">Na niedotrzymanie tych termin\u00f3w oraz na odmow\u0119 realizacji \u017c\u0105dania mo\u017cna z\u0142o\u017cy\u0107 skarg\u0119 do organu nadzoruj\u0105cego poczt\u0105 lub drog\u0105 elektroniczn\u0105 na adres:<\/span><\/span><\/span><\/p>\n<ul>\n<li>\n<p align=\"LEFT\"><span style=\"color: #212529;\"><span style=\"font-family: Lato, apple-system, BlinkMacSystemFont, Segoe UI, Roboto, Helvetica Neue, Arial, Noto Sans, sans-serif, Apple Color Emoji, Segoe UI Emoji, Segoe UI Symbol, Noto Color Emoji;\"><span style=\"font-size: medium;\">Organ nadzoruj\u0105cy: Dyrektor Domu Pomocy Spo\u0142ecznej w Bielawie<\/span><\/span><\/span><\/p>\n<\/li>\n<li>\n<p align=\"LEFT\"><span style=\"color: #212529;\"><span style=\"font-family: Lato, apple-system, BlinkMacSystemFont, Segoe UI, Roboto, Helvetica Neue, Arial, Noto Sans, sans-serif, Apple Color Emoji, Segoe UI Emoji, Segoe UI Symbol, Noto Color Emoji;\"><span style=\"font-size: medium;\">Adres: ul. \u017beromskiego 2<br \/>\n58-260 Bielawa<\/span><\/span><\/span><\/p>\n<\/li>\n<li>\n<p align=\"LEFT\"><span style=\"color: #212529;\"><span style=\"font-family: Lato, apple-system, BlinkMacSystemFont, Segoe UI, Roboto, Helvetica Neue, Arial, Noto Sans, sans-serif, Apple Color Emoji, Segoe UI Emoji, Segoe UI Symbol, Noto Color Emoji;\"><span style=\"font-size: medium;\">E-mail: dpsbielawa@dpsbielawa.pl<\/span><\/span><\/span><\/p>\n<\/li>\n<li>\n<p align=\"LEFT\"><span style=\"color: #212529;\"><span style=\"font-family: Lato, apple-system, BlinkMacSystemFont, Segoe UI, Roboto, Helvetica Neue, Arial, Noto Sans, sans-serif, Apple Color Emoji, Segoe UI Emoji, Segoe UI Symbol, Noto Color Emoji;\"><span style=\"font-size: medium;\">Telefon: 74 833 41 31<\/span><\/span><\/span><\/p>\n<\/li>\n<\/ul>\n<p align=\"LEFT\"><span style=\"color: #212529;\"><span style=\"font-family: Lato, apple-system, BlinkMacSystemFont, Segoe UI, Roboto, Helvetica Neue, Arial, Noto Sans, sans-serif, Apple Color Emoji, Segoe UI Emoji, Segoe UI Symbol, Noto Color Emoji;\"><span style=\"font-size: medium;\">Skarg\u0119 mo\u017cna z\u0142o\u017cy\u0107 r\u00f3wnie\u017c do\u00a0<\/span><\/span><\/span><a href=\"https:\/\/www.rpo.gov.pl\/content\/jak-zglosic-sie-do-rzecznika-praw-obywatelskich\"><span style=\"color: #4d245e;\"><span style=\"font-family: Lato, apple-system, BlinkMacSystemFont, Segoe UI, Roboto, Helvetica Neue, Arial, Noto Sans, sans-serif, Apple Color Emoji, Segoe UI Emoji, Segoe UI Symbol, Noto Color Emoji;\"><span style=\"font-size: medium;\">Rzecznika Praw Obywatelskich<\/span><\/span><\/span><\/a><span style=\"color: #212529;\"><span style=\"font-family: Lato, apple-system, BlinkMacSystemFont, Segoe UI, Roboto, Helvetica Neue, Arial, Noto Sans, sans-serif, Apple Color Emoji, Segoe UI Emoji, Segoe UI Symbol, Noto Color Emoji;\"><span style=\"font-size: medium;\">.<\/span><\/span><\/span><\/p>\n<h2 class=\"western\" align=\"LEFT\"><a name=\"a11y-architektura\"><\/a> <span style=\"color: #4d245e;\"><span style=\"font-family: Lato, apple-system, BlinkMacSystemFont, Segoe UI, Roboto, Helvetica Neue, Arial, Noto Sans, sans-serif, Apple Color Emoji, Segoe UI Emoji, Segoe UI Symbol, Noto Color Emoji;\"><span style=\"font-size: large;\"><b>Dost\u0119pno\u015b\u0107 architektoniczna<\/b><\/span><\/span><\/span><\/h2>\n<p align=\"LEFT\"><span style=\"color: #212529;\"><span style=\"font-family: Lato, apple-system, BlinkMacSystemFont, Segoe UI, Roboto, Helvetica Neue, Arial, Noto Sans, sans-serif, Apple Color Emoji, Segoe UI Emoji, Segoe UI Symbol, Noto Color Emoji;\"><span style=\"font-size: medium;\">1. Dom Pomocy Spo\u0142ecznej w Bielawie zlokalizowany jest w dw\u00f3ch budynkach.<\/span><\/span><\/span><\/p>\n<p align=\"LEFT\"><span style=\"color: #212529;\"><span style=\"font-family: Lato, apple-system, BlinkMacSystemFont, Segoe UI, Roboto, Helvetica Neue, Arial, Noto Sans, sans-serif, Apple Color Emoji, Segoe UI Emoji, Segoe UI Symbol, Noto Color Emoji;\"><span style=\"font-size: medium;\">W Bielawie przy ulicy \u017beromskiego pod numerem 2 oraz w Niemczy pod numerem 14\/16.<\/span><\/span><\/span><\/p>\n<p align=\"LEFT\"><span style=\"color: #212529;\"><span style=\"font-family: Lato, apple-system, BlinkMacSystemFont, Segoe UI, Roboto, Helvetica Neue, Arial, Noto Sans, sans-serif, Apple Color Emoji, Segoe UI Emoji, Segoe UI Symbol, Noto Color Emoji;\"><span style=\"font-size: medium;\">2. W budynku przy ulicy \u017beromskiego znajduje si\u0119 winda oraz podjazdy dla os\u00f3b niepe\u0142nosprawnych. W budynku na ka\u017cdym pi\u0119trze znajduj\u0105 si\u0119 toalety dostosowane do potrzeb os\u00f3b niepe\u0142nosprawnych oraz por\u0119cze na \u015bcianach w holach u\u0142atwiaj\u0105ce poruszanie si\u0119.<\/span><\/span><\/span><\/p>\n<p align=\"LEFT\"><span style=\"color: #212529;\"><span style=\"font-family: Lato, apple-system, BlinkMacSystemFont, Segoe UI, Roboto, Helvetica Neue, Arial, Noto Sans, sans-serif, Apple Color Emoji, Segoe UI Emoji, Segoe UI Symbol, Noto Color Emoji;\"><span style=\"font-size: medium;\">3. W budynku przy ulicy Kolejowej znajduje si\u0119 winda oraz podjazdy dla os\u00f3b niepe\u0142nosprawnych. Na ka\u017cdym pi\u0119trze r\u00f3wnie\u017c znajduj\u0105 si\u0119 toalety dostosowane do potrzeb os\u00f3b niepe\u0142nosprawnych oraz por\u0119cze na \u015bcianach w holach u\u0142atwiaj\u0105ce poruszanie si\u0119.<\/span><\/span><\/span><\/p>\n<p align=\"LEFT\"><span style=\"color: #212529;\"><span style=\"font-family: Lato, apple-system, BlinkMacSystemFont, Segoe UI, Roboto, Helvetica Neue, Arial, Noto Sans, sans-serif, Apple Color Emoji, Segoe UI Emoji, Segoe UI Symbol, Noto Color Emoji;\"><span style=\"font-size: medium;\">4. Schody w obu budynkach s\u0105 oznakowane ostrzegawczymi kolorami widocznymi dla os\u00f3b niepe\u0142nosprawnych.<\/span><\/span><\/span><\/p>\n<p align=\"LEFT\"><span style=\"color: #212529;\"><span style=\"font-family: Lato, apple-system, BlinkMacSystemFont, Segoe UI, Roboto, Helvetica Neue, Arial, Noto Sans, sans-serif, Apple Color Emoji, Segoe UI Emoji, Segoe UI Symbol, Noto Color Emoji;\"><span style=\"font-size: medium;\">5. Na parkingu w obu domach znajduj\u0105 si\u0119 wynaczone odpowiednio miejsca parkingowe dla os\u00f3b niepe\u0142nosprawnych.<\/span><\/span><\/span><\/p>\n<\/div>\n<\/div><\/div><\/div><\/div><\/div>","protected":false},"excerpt":{"rendered":"<p>Deklaracja dost\u0119pno\u015bci strony internetowej &#8211; Domu Pomocy Spo\u0142ecznej w Bielawie Dom Pomocy Spo\u0142ecznej w Bielawie\u00a0zobowi\u0105zuje si\u0119 zapewni\u0107 dost\u0119pno\u015b\u0107 swojej strony internetowej zgodnie z przepisami ustawy z dnia 4\u00a0kwietnia 2019\u00a0r. o\u00a0dost\u0119pno\u015bci cyfrowej stron internetowych i\u00a0aplikacji mobilnych podmiot\u00f3w publicznych. O\u015bwiadczenie w sprawie dost\u0119pno\u015bci ma zastosowanie do strony internetowej\u00a0&#8211; Domu Pomocy Spo\u0142ecznej w Bielawie https:\/\/dpsbielawa.pl Data publikacji strony [&hellip;]<\/p>\n","protected":false},"author":1,"featured_media":0,"parent":0,"menu_order":0,"comment_status":"closed","ping_status":"closed","template":"","meta":{"two_page_speed":[],"footnotes":""},"class_list":["post-3664","page","type-page","status-publish","hentry","post"],"_links":{"self":[{"href":"https:\/\/dpsbielawa.pl\/index.php\/wp-json\/wp\/v2\/pages\/3664","targetHints":{"allow":["GET"]}}],"collection":[{"href":"https:\/\/dpsbielawa.pl\/index.php\/wp-json\/wp\/v2\/pages"}],"about":[{"href":"https:\/\/dpsbielawa.pl\/index.php\/wp-json\/wp\/v2\/types\/page"}],"author":[{"embeddable":true,"href":"https:\/\/dpsbielawa.pl\/index.php\/wp-json\/wp\/v2\/users\/1"}],"replies":[{"embeddable":true,"href":"https:\/\/dpsbielawa.pl\/index.php\/wp-json\/wp\/v2\/comments?post=3664"}],"version-history":[{"count":5,"href":"https:\/\/dpsbielawa.pl\/index.php\/wp-json\/wp\/v2\/pages\/3664\/revisions"}],"predecessor-version":[{"id":4702,"href":"https:\/\/dpsbielawa.pl\/index.php\/wp-json\/wp\/v2\/pages\/3664\/revisions\/4702"}],"wp:attachment":[{"href":"https:\/\/dpsbielawa.pl\/index.php\/wp-json\/wp\/v2\/media?parent=3664"}],"curies":[{"name":"wp","href":"https:\/\/api.w.org\/{rel}","templated":true}]}}