{"id":5,"date":"2016-02-24T15:01:26","date_gmt":"2016-02-24T14:01:26","guid":{"rendered":"http:\/\/dpsbielaje.cluster023.hosting.ovh.net\/index.php\/strona-glowna\/"},"modified":"2024-09-23T13:45:34","modified_gmt":"2024-09-23T11:45:34","slug":"strona-glowna","status":"publish","type":"page","link":"https:\/\/dpsbielawa.pl\/","title":{"rendered":"Strona g\u0142\u00f3wna"},"content":{"rendered":"<div id=\"pl-5\"  class=\"panel-layout\" ><div id=\"pg-5-0\"  class=\"panel-grid panel-no-style\" ><div id=\"pgc-5-0-0\"  class=\"panel-grid-cell\" ><div id=\"panel-5-0-0-0\" class=\"so-panel widget widget_circleicon-widget panel-first-child panel-last-child\" data-index=\"0\" >\t\t<div class=\"circle-icon-box circle-icon-position-top circle-icon-hide-box circle-icon-size-medium\">\n\t\t\t<div class=\"circle-icon-wrapper\">\n\t\t\t\t\t\t\t\t<div class=\"circle-icon\" >\n\t\t\t\t\t<div class=\"fa fa-bicycle\" ><\/div>\t\t\t\t<\/div>\n\t\t\t\t\t\t\t<\/div>\n\n\t\t\t\t\t\t<h4 style=\"color: #000000\">Usprawnianie i aktywizacja<\/h4>\t\t\t\n\t\t\t<p class=\"text\" >W procesie aktywizacji ka\u017cdy mieszkaniec naszego Domu jest traktowany indywidualnie i podmiotowo...<\/p>\t\t\t\t\t\t\t<a href=\"https:\/\/dpsbielawa.pl\/index.php\/aktywizacja\/\" class=\"more-button\" >Dowiedz si\u0119 wi\u0119cej... <i><\/i><\/a>\n\t\t\t\t\t<\/div>\n\t\t<\/div><\/div><div id=\"pgc-5-0-1\"  class=\"panel-grid-cell\" ><div id=\"panel-5-0-1-0\" class=\"so-panel widget widget_circleicon-widget panel-first-child panel-last-child\" data-index=\"1\" >\t\t<div class=\"circle-icon-box circle-icon-position-top circle-icon-hide-box circle-icon-size-medium\">\n\t\t\t<div class=\"circle-icon-wrapper\">\n\t\t\t\t\t\t\t\t<div class=\"circle-icon\" >\n\t\t\t\t\t<div class=\"fa fa-paint-brush\" ><\/div>\t\t\t\t<\/div>\n\t\t\t\t\t\t\t<\/div>\n\n\t\t\t\t\t\t<h4 style=\"color: #000000\">Tw\u00f3rczo\u015b\u0107 mieszka\u0144c\u00f3w<\/h4>\t\t\t\n\t\t\t<p class=\"text\" >Prezentujemy r\u00f3\u017cne talenty naszych podopiecznych.<\/p>\t\t\t\t\t\t\t<a href=\"https:\/\/dpsbielawa.pl\/index.php\/tworczosc-mieszkancow\/\" class=\"more-button\" >Dowiedz si\u0119 wi\u0119cej... <i><\/i><\/a>\n\t\t\t\t\t<\/div>\n\t\t<\/div><\/div><div id=\"pgc-5-0-2\"  class=\"panel-grid-cell\" ><div id=\"panel-5-0-2-0\" class=\"so-panel widget widget_circleicon-widget panel-first-child panel-last-child\" data-index=\"2\" >\t\t<div class=\"circle-icon-box circle-icon-position-top circle-icon-hide-box circle-icon-size-medium\">\n\t\t\t<div class=\"circle-icon-wrapper\">\n\t\t\t\t\t\t\t\t<div class=\"circle-icon\" >\n\t\t\t\t\t<div class=\"fa fa-sun-o\" ><\/div>\t\t\t\t<\/div>\n\t\t\t\t\t\t\t<\/div>\n\n\t\t\t\t\t\t<h4 style=\"color: #000000\">Mi\u0142e chwile poza Domem<\/h4>\t\t\t\n\t\t\t<p class=\"text\" >Ulubion\u0105 form\u0105 sp\u0119dzania wolnego czasu s\u0105 wycieczki.<\/p>\t\t\t\t\t\t\t<a href=\"https:\/\/dpsbielawa.pl\/index.php\/wycieczki\/\" class=\"more-button\" >Dowiedz si\u0119 wi\u0119cej <i><\/i><\/a>\n\t\t\t\t\t<\/div>\n\t\t<\/div><\/div><div id=\"pgc-5-0-3\"  class=\"panel-grid-cell\" ><div id=\"panel-5-0-3-0\" class=\"so-panel widget widget_circleicon-widget panel-first-child panel-last-child\" data-index=\"3\" >\t\t<div class=\"circle-icon-box circle-icon-position-top circle-icon-hide-box circle-icon-size-medium\">\n\t\t\t<div class=\"circle-icon-wrapper\">\n\t\t\t\t\t\t\t\t<div class=\"circle-icon\" >\n\t\t\t\t\t<div class=\"fa fa-film\" ><\/div>\t\t\t\t<\/div>\n\t\t\t\t\t\t\t<\/div>\n\n\t\t\t\t\t\t<h4 style=\"color: #000000\">Multimedia<\/h4>\t\t\t\n\t\t\t<p class=\"text\" >Media o nas.<\/p>\t\t\t\t\t\t\t<a href=\"https:\/\/dpsbielawa.pl\/index.php\/media\/%20\" class=\"more-button\" >Dowiedz si\u0119 wi\u0119cej <i><\/i><\/a>\n\t\t\t\t\t<\/div>\n\t\t<\/div><\/div><\/div><div id=\"pg-5-1\"  class=\"panel-grid panel-has-style\" ><div class=\"wide-grey panel-row-style panel-row-style-for-5-1\" ><div id=\"pgc-5-1-0\"  class=\"panel-grid-cell\" ><div id=\"panel-5-1-0-0\" class=\"so-panel widget widget_headline-widget panel-first-child panel-last-child\" data-index=\"4\" ><div class=\"panel-widget-style panel-widget-style-for-5-1-0-0\" >\t\t<h1>Zach\u0119camy do odwiedzin.<\/h1>\n\t\t<div class=\"decoration\"><div class=\"decoration-inside\"><\/div><\/div>\n\t\t<h3>Ch\u0119tnie odpowiemy na Pa\u0144stwa pytania.<\/h3>\n\t\t<\/div><\/div><\/div><\/div><\/div><div id=\"pg-5-2\"  class=\"panel-grid panel-no-style\" ><div id=\"pgc-5-2-0\"  class=\"panel-grid-cell\" ><div id=\"panel-5-2-0-0\" class=\"so-panel widget widget_sow-image panel-first-child\" data-index=\"5\" ><div\n\t\t\t\n\t\t\tclass=\"so-widget-sow-image so-widget-sow-image-default-a258e6bfa2d8-5\"\n\t\t\t\n\t\t>\n<div class=\"sow-image-container\">\n\t\t\t<a href=\"https:\/\/dpsbielawa.pl\/index.php\/pytania\"\n\t\t\ttarget=\"_blank\" rel=\"noopener noreferrer\" \t\t>\n\t\t\t<img \n\tsrc=\"https:\/\/dpsbielawa.pl\/wp-content\/uploads\/2016\/02\/project_thumb.png\" width=\"270\" height=\"166\" sizes=\"(max-width: 270px) 100vw, 270px\" alt=\"\" \t\tclass=\"so-widget-image\"\/>\n\t\t\t<\/a><\/div>\n\n<\/div><\/div><div id=\"panel-5-2-0-1\" class=\"so-panel widget widget_sow-editor panel-last-child\" data-index=\"6\" ><div\n\t\t\t\n\t\t\tclass=\"so-widget-sow-editor so-widget-sow-editor-base\"\n\t\t\t\n\t\t>\n<div class=\"siteorigin-widget-tinymce textwidget\">\n\t<p style=\"text-align: center;\"><strong>Najcz\u0119\u015bciej zadawane pytania<\/strong><\/p>\n<p style=\"text-align: center;\">kto , jak, \u00a0ile ???<\/p>\n<\/div>\n<\/div><\/div><\/div><div id=\"pgc-5-2-1\"  class=\"panel-grid-cell\" ><div id=\"panel-5-2-1-0\" class=\"so-panel widget widget_sow-image panel-first-child\" data-index=\"7\" ><div\n\t\t\t\n\t\t\tclass=\"so-widget-sow-image so-widget-sow-image-default-a258e6bfa2d8-5\"\n\t\t\t\n\t\t>\n<div class=\"sow-image-container\">\n\t\t\t<a href=\"https:\/\/dpsbielawa.pl\/index.php\/podziekowania\/\"\n\t\t\ttarget=\"_blank\" rel=\"noopener noreferrer\" \t\t>\n\t\t\t<img \n\tsrc=\"https:\/\/dpsbielawa.pl\/wp-content\/uploads\/2016\/02\/S7300693-e1464442323515.jpg\" width=\"300\" height=\"225\" sizes=\"(max-width: 300px) 100vw, 300px\" title=\"S7300693\" alt=\"\" \t\tclass=\"so-widget-image\"\/>\n\t\t\t<\/a><\/div>\n\n<\/div><\/div><div id=\"panel-5-2-1-1\" class=\"so-panel widget widget_sow-editor panel-last-child\" data-index=\"8\" ><div\n\t\t\t\n\t\t\tclass=\"so-widget-sow-editor so-widget-sow-editor-base\"\n\t\t\t\n\t\t>\n<div class=\"siteorigin-widget-tinymce textwidget\">\n\t<p style=\"text-align: center;\"><strong>Podzi\u0119kowania<\/strong><\/p>\n<p style=\"text-align: center;\">Serdeczno\u015bci.<\/p>\n<\/div>\n<\/div><\/div><\/div><div id=\"pgc-5-2-2\"  class=\"panel-grid-cell\" ><div id=\"panel-5-2-2-0\" class=\"so-panel widget widget_sow-image panel-first-child\" data-index=\"9\" ><div\n\t\t\t\n\t\t\tclass=\"so-widget-sow-image so-widget-sow-image-default-a258e6bfa2d8-5\"\n\t\t\t\n\t\t>\n<div class=\"sow-image-container\">\n\t\t\t<a href=\"https:\/\/dpsbielawa.pl\/index.php\/wspolpraca\/\"\n\t\t\ttarget=\"_blank\" rel=\"noopener noreferrer\" \t\t>\n\t\t\t<img \n\tsrc=\"https:\/\/dpsbielawa.pl\/wp-content\/uploads\/2016\/05\/P5160724-e1464442503584.jpg\" width=\"300\" height=\"225\" sizes=\"(max-width: 300px) 100vw, 300px\" title=\"P5160724\" alt=\"\" \t\tclass=\"so-widget-image\"\/>\n\t\t\t<\/a><\/div>\n\n<\/div><\/div><div id=\"panel-5-2-2-1\" class=\"so-panel widget widget_sow-editor panel-last-child\" data-index=\"10\" ><div\n\t\t\t\n\t\t\tclass=\"so-widget-sow-editor so-widget-sow-editor-base\"\n\t\t\t\n\t\t>\n<div class=\"siteorigin-widget-tinymce textwidget\">\n\t<p style=\"text-align: center;\"><strong>Z kim wsp\u00f3\u0142pracujemy<\/strong><\/p>\n<p style=\"text-align: center;\">Mieszka\u0144cy ch\u0119tnie witaj\u0105 Go\u015bci<br \/> i korzystaj\u0105 z zaprosze\u0144<br \/> na r\u00f3\u017cne spotkania.<\/p>\n<\/div>\n<\/div><\/div><\/div><div id=\"pgc-5-2-3\"  class=\"panel-grid-cell\" ><div id=\"panel-5-2-3-0\" class=\"so-panel widget widget_sow-image panel-first-child\" data-index=\"11\" ><div\n\t\t\t\n\t\t\tclass=\"so-widget-sow-image so-widget-sow-image-default-a258e6bfa2d8-5\"\n\t\t\t\n\t\t>\n<div class=\"sow-image-container\">\n\t\t\t<a href=\"https:\/\/dpsbielawa.pl\/index.php\/sponsorzy\/\"\n\t\t\ttarget=\"_blank\" rel=\"noopener noreferrer\" \t\t>\n\t\t\t<img \n\tsrc=\"https:\/\/dpsbielawa.pl\/wp-content\/uploads\/2016\/02\/project_thumb3.png\" width=\"270\" height=\"166\" sizes=\"(max-width: 270px) 100vw, 270px\" alt=\"\" \t\tclass=\"so-widget-image\"\/>\n\t\t\t<\/a><\/div>\n\n<\/div><\/div><div id=\"panel-5-2-3-1\" class=\"so-panel widget widget_sow-editor panel-last-child\" data-index=\"12\" ><div\n\t\t\t\n\t\t\tclass=\"so-widget-sow-editor so-widget-sow-editor-base\"\n\t\t\t\n\t\t>\n<div class=\"siteorigin-widget-tinymce textwidget\">\n\t<p style=\"text-align: center;\"><strong>Kto nas wspiera<\/strong><\/p>\n<p style=\"text-align: center;\">Do\u0142\u0105cz do grona naszych<br \/>Sponsor\u00f3w.<\/p>\n<\/div>\n<\/div><\/div><\/div><\/div><div id=\"pg-5-3\"  class=\"panel-grid panel-no-style\" ><div id=\"pgc-5-3-0\"  class=\"panel-grid-cell\" ><div id=\"panel-5-3-0-0\" class=\"so-panel widget widget_siteorigin-panels-postloop panel-first-child panel-last-child\" data-index=\"13\" ><h3 class=\"widget-title\"><span class=\"vantage-carousel-title\"><span class=\"vantage-carousel-title-text\">Najnowsze wpisy<\/span><a href=\"#\" class=\"next\" title=\"Next\"><span class=\"vantage-icon-arrow-right\"><\/span><\/a><a href=\"#\" class=\"previous\" title=\"Previous\"><span class=\"vantage-icon-arrow-left\"><\/span><\/a><\/span><\/h3><div class=\"vantage-carousel-wrapper\">\n\n\t\n\t<ul class=\"vantage-carousel\" data-query=\"{&quot;post_status&quot;:&quot;publish&quot;,&quot;posts_per_page&quot;:4,&quot;post_type&quot;:&quot;post&quot;,&quot;tax_query_relation&quot;:&quot;OR&quot;,&quot;date_type&quot;:&quot;specific&quot;,&quot;orderby&quot;:&quot;date&quot;,&quot;order&quot;:&quot;DESC&quot;,&quot;post__not_in&quot;:[5,5],&quot;paged&quot;:1,&quot;fields&quot;:&quot;all&quot;,&quot;lazy_load_term_meta&quot;:true}\" data-ajax-url=\"https:\/\/dpsbielawa.pl\/wp-admin\/admin-ajax.php\">\n\t\t\t\t\t<li class=\"carousel-entry\">\n\t\t\t\t<div class=\"thumbnail\">\n\t\t\t\t\t\t\t\t\t\t\t\t\t\t\t\t<a href=\"https:\/\/dpsbielawa.pl\/index.php\/2026\/04\/17\/bielawa-17-kwietnia-2026r-wiosenne-warsztaty-integracyjne\/\" class=\"default-thumbnail\"><span class=\"overlay\"><\/span><\/a>\n\t\t\t\t\t\t\t\t\t<\/div>\n\t\t\t\t\t\t\t\t<h3><a href=\"https:\/\/dpsbielawa.pl\/index.php\/2026\/04\/17\/bielawa-17-kwietnia-2026r-wiosenne-warsztaty-integracyjne\/\">Bielawa 17 kwietnia 2026r. WIOSENNE WARSZTATY INTEGRACYJNE<\/a><\/h3>\n\t\t\t<\/li>\n\t\t\t\t\t<li class=\"carousel-entry\">\n\t\t\t\t<div class=\"thumbnail\">\n\t\t\t\t\t\t\t\t\t\t\t\t\t\t\t\t<a href=\"https:\/\/dpsbielawa.pl\/index.php\/2026\/04\/15\/siwy-wlos\/\" class=\"default-thumbnail\"><span class=\"overlay\"><\/span><\/a>\n\t\t\t\t\t\t\t\t\t<\/div>\n\t\t\t\t\t\t\t\t<h3><a href=\"https:\/\/dpsbielawa.pl\/index.php\/2026\/04\/15\/siwy-wlos\/\">SIWY W\u0141OS<\/a><\/h3>\n\t\t\t<\/li>\n\t\t\t\t\t<li class=\"carousel-entry\">\n\t\t\t\t<div class=\"thumbnail\">\n\t\t\t\t\t\t\t\t\t\t\t\t\t\t\t\t<a href=\"https:\/\/dpsbielawa.pl\/index.php\/2026\/04\/14\/pamietamy-katyn-1940\/\" class=\"default-thumbnail\"><span class=\"overlay\"><\/span><\/a>\n\t\t\t\t\t\t\t\t\t<\/div>\n\t\t\t\t\t\t\t\t<h3><a href=\"https:\/\/dpsbielawa.pl\/index.php\/2026\/04\/14\/pamietamy-katyn-1940\/\">PAMI\u0118TAMY KATY\u0143 1940<\/a><\/h3>\n\t\t\t<\/li>\n\t\t\t\t\t<li class=\"carousel-entry\">\n\t\t\t\t<div class=\"thumbnail\">\n\t\t\t\t\t\t\t\t\t\t\t\t\t\t\t\t<a href=\"https:\/\/dpsbielawa.pl\/index.php\/2026\/04\/10\/bielawa-10-kwietnia-2026r-pelna-relaksacja-i-calkowite-wyciszenie-w-wirtualnej-rzeczywistosci\/\" class=\"default-thumbnail\"><span class=\"overlay\"><\/span><\/a>\n\t\t\t\t\t\t\t\t\t<\/div>\n\t\t\t\t\t\t\t\t<h3><a href=\"https:\/\/dpsbielawa.pl\/index.php\/2026\/04\/10\/bielawa-10-kwietnia-2026r-pelna-relaksacja-i-calkowite-wyciszenie-w-wirtualnej-rzeczywistosci\/\">PE\u0141NA RELAKSACJA I CA\u0141KOWITE WYCISZENIE W WIRTUALNEJ RZECZYWISTO\u015aCI<\/a><\/h3>\n\t\t\t<\/li>\n\t\t\t<\/ul>\n<\/div>\n<\/div><\/div><div id=\"pgc-5-3-1\"  class=\"panel-grid-cell\" ><div id=\"panel-5-3-1-0\" class=\"so-panel widget widget_text panel-first-child panel-last-child\" data-index=\"14\" >\t\t\t<div class=\"textwidget\"><p>Sprawd\u017a, co ostatnio si\u0119 wydarzy\u0142o...<\/p>\n<\/div>\n\t\t<\/div><\/div><\/div><\/div>","protected":false},"excerpt":{"rendered":"<p>Usprawnianie i aktywizacja W procesie aktywizacji ka\u017cdy mieszkaniec naszego Domu jest traktowany indywidualnie i podmiotowo&#8230; Dowiedz si\u0119 wi\u0119cej&#8230; Tw\u00f3rczo\u015b\u0107 mieszka\u0144c\u00f3w Prezentujemy r\u00f3\u017cne talenty naszych podopiecznych. Dowiedz si\u0119 wi\u0119cej&#8230; Mi\u0142e chwile poza Domem Ulubion\u0105 form\u0105 sp\u0119dzania wolnego czasu s\u0105 wycieczki. Dowiedz si\u0119 wi\u0119cej Multimedia Media o nas. Dowiedz si\u0119 wi\u0119cej Zach\u0119camy do odwiedzin. Ch\u0119tnie odpowiemy na [&hellip;]<\/p>\n","protected":false},"author":1,"featured_media":0,"parent":0,"menu_order":0,"comment_status":"closed","ping_status":"closed","template":"home-panels.php","meta":{"two_page_speed":[],"footnotes":""},"class_list":["post-5","page","type-page","status-publish","hentry","post"],"_links":{"self":[{"href":"https:\/\/dpsbielawa.pl\/index.php\/wp-json\/wp\/v2\/pages\/5","targetHints":{"allow":["GET"]}}],"collection":[{"href":"https:\/\/dpsbielawa.pl\/index.php\/wp-json\/wp\/v2\/pages"}],"about":[{"href":"https:\/\/dpsbielawa.pl\/index.php\/wp-json\/wp\/v2\/types\/page"}],"author":[{"embeddable":true,"href":"https:\/\/dpsbielawa.pl\/index.php\/wp-json\/wp\/v2\/users\/1"}],"replies":[{"embeddable":true,"href":"https:\/\/dpsbielawa.pl\/index.php\/wp-json\/wp\/v2\/comments?post=5"}],"version-history":[{"count":33,"href":"https:\/\/dpsbielawa.pl\/index.php\/wp-json\/wp\/v2\/pages\/5\/revisions"}],"predecessor-version":[{"id":3991,"href":"https:\/\/dpsbielawa.pl\/index.php\/wp-json\/wp\/v2\/pages\/5\/revisions\/3991"}],"wp:attachment":[{"href":"https:\/\/dpsbielawa.pl\/index.php\/wp-json\/wp\/v2\/media?parent=5"}],"curies":[{"name":"wp","href":"https:\/\/api.w.org\/{rel}","templated":true}]}}