{"id":96,"date":"2016-03-31T10:07:03","date_gmt":"2016-03-31T08:07:03","guid":{"rendered":"http:\/\/dpsbielaje.cluster023.hosting.ovh.net\/?page_id=96"},"modified":"2024-09-19T15:18:02","modified_gmt":"2024-09-19T13:18:02","slug":"wydarzenia","status":"publish","type":"page","link":"https:\/\/dpsbielawa.pl\/index.php\/wydarzenia\/","title":{"rendered":"Wa\u017cne!"},"content":{"rendered":"<h3 align=\"CENTER\"><strong><span style=\"color: #ff0000;\">W sprawach dotycz\u0105cych ODWIEDZIN MIESZKA\u0143C\u00d3W<\/span> <\/strong><\/h3>\n<h4 align=\"CENTER\"><strong>prosz\u0119 si\u0119 kontaktowa\u0107<\/strong> <strong>z kierownikiem ZTO<\/strong><\/h4>\n<h4 align=\"CENTER\">od poniedzia\u0142ku do pi\u0105tku w godzinach od 10:00\u00a0 do 15:00<\/h4>\n<h4 align=\"CENTER\">pod numerami telefon\u00f3w:<\/h4>\n<h4 align=\"CENTER\"><strong>Bielawa<\/strong>: 74 833-41-31 lub 74 833-55-99<br \/><strong>Niemcza<\/strong>: 74 837-61-28 lub 74 837-65-28<\/h4>\n<p align=\"CENTER\">\n<p style=\"text-align: center;\">\n\n\n<figure class=\"wp-block-image size-large\"><img loading=\"lazy\" decoding=\"async\" width=\"1024\" height=\"643\" src=\"https:\/\/dpsbielawa.pl\/wp-content\/uploads\/2020\/12\/skype.inf2_-1024x643.png\" alt=\"\" class=\"wp-image-3411\" srcset=\"https:\/\/dpsbielawa.pl\/wp-content\/uploads\/2020\/12\/skype.inf2_-1024x643.png 1024w, https:\/\/dpsbielawa.pl\/wp-content\/uploads\/2020\/12\/skype.inf2_-300x188.png 300w, https:\/\/dpsbielawa.pl\/wp-content\/uploads\/2020\/12\/skype.inf2_-768x482.png 768w, https:\/\/dpsbielawa.pl\/wp-content\/uploads\/2020\/12\/skype.inf2_.png 1070w\" sizes=\"auto, (max-width: 1024px) 100vw, 1024px\" \/><\/figure>\n\n\n\n<p><\/p>\n\n\n\n<p class=\"has-text-align-left\"><\/p>\n\n\n<p><span style=\"color: #ff0000;\"><strong>Uwaga!<\/strong><\/span><br \/>Wa\u017cne dla os\u00f3b potrzebuj\u0105cych pomocy, kt\u00f3re ze wzgl\u0119du na chorob\u0119 lub niepe\u0142nosprawno\u015b\u0107 nie mog\u0105 funkcjonowa\u0107 samodzielnie, a rodzina i najbli\u017csze \u015brodowisko nie jest w stanie zapewni\u0107 im niezb\u0119dnej opieki w miejscu zamieszkania.<\/p>\n<p>W naszym Domu ka\u017cdy mieszkaniec otoczony jest opiek\u0105 piel\u0119gniarsk\u0105, rehabilitacyjn\u0105 oraz medyczn\u0105 adekwatnie do potrzeb zwi\u0105zanych z jego problemami zdrowotnymi i sprawno\u015bci\u0105 fizyczn\u0105. Podopieczni maj\u0105 r\u00f3wnie\u017c kontakt z lud\u017ami w swoim wieku, mog\u0105 rozwija\u0107 swoje hobby i zainteresowania.<\/p>\n<p>\u017beby skorzysta\u0107 z tej formy pomocy nale\u017cy przede wszystkim z\u0142o\u017cy\u0107 <strong>pisemny wniosek<\/strong> o skierowanie do DPS. \u00a0 \u00a0 \u00a0 \u00a0 \u00a0 \u00a0 \u00a0 \u00a0 \u00a0<a href=\"https:\/\/dpsbielawa.pl\/wp-content\/uploads\/2016\/02\/przyk\u0142adowy-wniosek-skierowanie.doc\"><em>\u2192<\/em> przyk\u0142adowy wniosek<\/a> <em>. <\/em>Wnioski przyjmuje o\u015brodek pomocy spo\u0142ecznej w miejscu zamieszkania osoby zainteresowanej; kompletuje te\u017c niezb\u0119dn\u0105 dokumentacj\u0119 oraz wydaje decyzj\u0119 o skierowaniu do domu pomocy spo\u0142ecznej .<\/p>\n<p>Pobyt w DPS-ie jest odp\u0142atny. Jednak \u017ceby zamieszka\u0107 w tej plac\u00f3wce, <strong>nie trzeba mie\u0107 wysokich dochod\u00f3w<\/strong>. Prawo nie okre\u015bla wysoko\u015bci minimalnego dochodu.<\/p>\n<p>Z oferty Domu mog\u0105 skorzysta\u0107 zar\u00f3wno mieszka\u0144cy powiatu dzier\u017coniowskiego, jak r\u00f3wnie\u017c osoby z innych powiat\u00f3w i wojew\u00f3dztw, bez wzgl\u0119du na sytuacj\u0119 finansow\u0105.<\/p>\n<p>Na naszej stronie internetowej, w zak\u0142adce &#8222;<strong>Jak zamieszka\u0107 w Domu&#8221;<\/strong>,\u00a0 mo\u017cna znale\u017a\u0107 informacje na temat mo\u017cliwo\u015bci przyj\u0119cia do naszego Domu, a tak\u017ce odpowiedzi na najcz\u0119\u015bciej zadawane pytania.<br \/>O szczeg\u00f3\u0142y mo\u017cna dopyta\u0107 pod nr tel.<strong> 74 833 41 31<\/strong> lub <strong>74 833 55 99<\/strong>, ch\u0119tnie odpowiemy na Pa\u0144stwa pytania.<\/p>","protected":false},"excerpt":{"rendered":"<p>W sprawach dotycz\u0105cych ODWIEDZIN MIESZKA\u0143C\u00d3W prosz\u0119 si\u0119 kontaktowa\u0107 z kierownikiem ZTO od poniedzia\u0142ku do pi\u0105tku w godzinach od 10:00\u00a0 do 15:00 pod numerami telefon\u00f3w: Bielawa: 74 833-41-31 lub 74 833-55-99Niemcza: 74 837-61-28 lub 74 837-65-28 Uwaga!Wa\u017cne dla os\u00f3b potrzebuj\u0105cych pomocy, kt\u00f3re ze wzgl\u0119du na chorob\u0119 lub niepe\u0142nosprawno\u015b\u0107 nie mog\u0105 funkcjonowa\u0107 samodzielnie, a rodzina i najbli\u017csze [&hellip;]<\/p>\n","protected":false},"author":1,"featured_media":0,"parent":0,"menu_order":0,"comment_status":"closed","ping_status":"closed","template":"","meta":{"two_page_speed":[],"footnotes":""},"class_list":["post-96","page","type-page","status-publish","hentry","post"],"_links":{"self":[{"href":"https:\/\/dpsbielawa.pl\/index.php\/wp-json\/wp\/v2\/pages\/96","targetHints":{"allow":["GET"]}}],"collection":[{"href":"https:\/\/dpsbielawa.pl\/index.php\/wp-json\/wp\/v2\/pages"}],"about":[{"href":"https:\/\/dpsbielawa.pl\/index.php\/wp-json\/wp\/v2\/types\/page"}],"author":[{"embeddable":true,"href":"https:\/\/dpsbielawa.pl\/index.php\/wp-json\/wp\/v2\/users\/1"}],"replies":[{"embeddable":true,"href":"https:\/\/dpsbielawa.pl\/index.php\/wp-json\/wp\/v2\/comments?post=96"}],"version-history":[{"count":13,"href":"https:\/\/dpsbielawa.pl\/index.php\/wp-json\/wp\/v2\/pages\/96\/revisions"}],"predecessor-version":[{"id":7093,"href":"https:\/\/dpsbielawa.pl\/index.php\/wp-json\/wp\/v2\/pages\/96\/revisions\/7093"}],"wp:attachment":[{"href":"https:\/\/dpsbielawa.pl\/index.php\/wp-json\/wp\/v2\/media?parent=96"}],"curies":[{"name":"wp","href":"https:\/\/api.w.org\/{rel}","templated":true}]}}